{"id":7379,"date":"2021-11-08T19:01:59","date_gmt":"2021-11-08T19:01:59","guid":{"rendered":"http:\/\/dummy.xtemos.com\/woodmart2\/?page_id=7379"},"modified":"2026-01-19T11:35:51","modified_gmt":"2026-01-19T11:35:51","slug":"inicio","status":"publish","type":"page","link":"https:\/\/turbofreshlatam.com\/en\/","title":{"rendered":"Inicio"},"content":{"rendered":"<div class=\"wpb-content-wrapper\"><div class=\"vc_row wpb_row vc_row-fluid vc_custom_1768765997093 vc_row-has-fill vc_row-o-full-height vc_row-o-columns-middle vc_row-o-equal-height vc_row-flex wd-rs-696d3acebdf2e wd-section-stretch-content\"><div class=\"wpb_column vc_column_container vc_col-sm-12 wd-enabled-flex wd-rs-66a01b3b7c892\"><div class=\"vc_column-inner\"><div class=\"wpb_wrapper\"><div class=\"vc_row wpb_row vc_inner vc_row-fluid\"><div class=\"wpb_column vc_column_container vc_col-sm-12\"><div class=\"vc_column-inner\"><div class=\"wpb_wrapper\">\n\t<div  class=\"wpb_single_image wpb_content_element vc_align_center\">\n\t\t\n\t\t<figure class=\"wpb_wrapper vc_figure\">\n\t\t\t<div class=\"vc_single_image-wrapper   vc_box_border_grey\"><img loading=\"lazy\" decoding=\"async\" width=\"723\" height=\"108\" src=\"https:\/\/i0.wp.com\/turbofreshlatam.com\/wp-content\/uploads\/2026\/01\/Logotipo-TurboFresh-A1.png?fit=723%2C108&amp;ssl=1\" class=\"vc_single_image-img attachment-full\" alt=\"\" title=\"Logotipo TurboFresh - A1\" srcset=\"https:\/\/i0.wp.com\/turbofreshlatam.com\/wp-content\/uploads\/2026\/01\/Logotipo-TurboFresh-A1.png?w=723&amp;ssl=1 723w, https:\/\/i0.wp.com\/turbofreshlatam.com\/wp-content\/uploads\/2026\/01\/Logotipo-TurboFresh-A1.png?resize=400%2C60&amp;ssl=1 400w, https:\/\/i0.wp.com\/turbofreshlatam.com\/wp-content\/uploads\/2026\/01\/Logotipo-TurboFresh-A1.png?resize=18%2C3&amp;ssl=1 18w, https:\/\/i0.wp.com\/turbofreshlatam.com\/wp-content\/uploads\/2026\/01\/Logotipo-TurboFresh-A1.png?resize=430%2C64&amp;ssl=1 430w, https:\/\/i0.wp.com\/turbofreshlatam.com\/wp-content\/uploads\/2026\/01\/Logotipo-TurboFresh-A1.png?resize=700%2C105&amp;ssl=1 700w, https:\/\/i0.wp.com\/turbofreshlatam.com\/wp-content\/uploads\/2026\/01\/Logotipo-TurboFresh-A1.png?resize=150%2C22&amp;ssl=1 150w\" sizes=\"auto, (max-width: 723px) 100vw, 723px\" \/><\/div>\n\t\t<\/figure>\n\t<\/div>\n<\/div><\/div><\/div><\/div><div class=\"vc_row wpb_row vc_inner vc_row-fluid\"><div class=\"wpb_column vc_column_container vc_col-sm-12\"><div class=\"vc_column-inner\"><div class=\"wpb_wrapper\">\n\t<div  class=\"wpb_single_image wpb_content_element vc_align_center\">\n\t\t\n\t\t<figure class=\"wpb_wrapper vc_figure\">\n\t\t\t<div class=\"vc_single_image-wrapper   vc_box_border_grey\"><img loading=\"lazy\" decoding=\"async\" width=\"1088\" height=\"60\" src=\"https:\/\/i0.wp.com\/turbofreshlatam.com\/wp-content\/uploads\/2026\/01\/TF-Landing-Rayita-Brillante-Azul.png?fit=1088%2C60&amp;ssl=1\" class=\"vc_single_image-img attachment-full\" alt=\"\" title=\"TF Landing - Rayita Brillante Azul\" srcset=\"https:\/\/i0.wp.com\/turbofreshlatam.com\/wp-content\/uploads\/2026\/01\/TF-Landing-Rayita-Brillante-Azul.png?w=1088&amp;ssl=1 1088w, https:\/\/i0.wp.com\/turbofreshlatam.com\/wp-content\/uploads\/2026\/01\/TF-Landing-Rayita-Brillante-Azul.png?resize=400%2C22&amp;ssl=1 400w, https:\/\/i0.wp.com\/turbofreshlatam.com\/wp-content\/uploads\/2026\/01\/TF-Landing-Rayita-Brillante-Azul.png?resize=768%2C42&amp;ssl=1 768w, https:\/\/i0.wp.com\/turbofreshlatam.com\/wp-content\/uploads\/2026\/01\/TF-Landing-Rayita-Brillante-Azul.png?resize=18%2C1&amp;ssl=1 18w, https:\/\/i0.wp.com\/turbofreshlatam.com\/wp-content\/uploads\/2026\/01\/TF-Landing-Rayita-Brillante-Azul.png?resize=430%2C24&amp;ssl=1 430w, https:\/\/i0.wp.com\/turbofreshlatam.com\/wp-content\/uploads\/2026\/01\/TF-Landing-Rayita-Brillante-Azul.png?resize=700%2C39&amp;ssl=1 700w, https:\/\/i0.wp.com\/turbofreshlatam.com\/wp-content\/uploads\/2026\/01\/TF-Landing-Rayita-Brillante-Azul.png?resize=150%2C8&amp;ssl=1 150w\" sizes=\"auto, (max-width: 1000px) 100vw, 1000px\" \/><\/div>\n\t\t<\/figure>\n\t<\/div>\n<\/div><\/div><\/div><\/div>\n\t<div class=\"wpb_text_column wpb_content_element\" >\n\t\t<div class=\"wpb_wrapper\">\n\t\t\t<h3 style=\"text-align: center;\">Selecciona tu <span style=\"color: #5ac0e9;\"> Pa\u00eds o Regi\u00f3n<\/span><\/h3>\n\n\t\t<\/div>\n\t<\/div>\n<div class=\"vc_row wpb_row vc_inner vc_row-fluid vc_row-o-equal-height vc_row-o-content-top vc_row-flex wd-rs-696d3cee6a62b\"><div class=\"wpb_column vc_column_container vc_col-sm-4 vc_col-lg-1\/5 vc_col-md-4 vc_col-xs-6 wd-enabled-flex text-center wd-rs-696d3c8d1c019\"><div class=\"vc_column-inner\"><div class=\"wpb_wrapper\">\t\t\t<div class=\"info-box-wrapper\">\n\t\t\t\t<div id=\"wd-696d36b8cbb4c\" class=\"wd-animation wd-transform wd-animation-zoom-in wd-animation-slow wd_delay_10 wd-rs-696d36b8cbb4c wd-info-box wd-wpb text-center box-icon-align-top box-style- color-scheme- wd-bg-none wd-off-anim wpb_animate_when_almost_visible wpb_fadeIn fadeIn wd-anim-name_fadeIn pointer-box\">\n\t\t\t\t\t\t\t\t\t\t\t<div class=\"box-icon-wrapper  box-with-icon box-icon-simple\">\n\t\t\t\t\t\t\t<div class=\"info-box-icon\">\n\t\t\t\t\t\t\t\t<img loading=\"lazy\" decoding=\"async\" width=\"187\" height=\"140\" src=\"https:\/\/i0.wp.com\/turbofreshlatam.com\/wp-content\/uploads\/2026\/01\/TF-Landing-Panama-Centroamerica.png?fit=187%2C140&amp;ssl=1\" class=\"attachment-800x600 size-800x600\" alt=\"\" srcset=\"https:\/\/i0.wp.com\/turbofreshlatam.com\/wp-content\/uploads\/2026\/01\/TF-Landing-Panama-Centroamerica.png?w=187&amp;ssl=1 187w, https:\/\/i0.wp.com\/turbofreshlatam.com\/wp-content\/uploads\/2026\/01\/TF-Landing-Panama-Centroamerica.png?resize=16%2C12&amp;ssl=1 16w, https:\/\/i0.wp.com\/turbofreshlatam.com\/wp-content\/uploads\/2026\/01\/TF-Landing-Panama-Centroamerica.png?resize=150%2C112&amp;ssl=1 150w\" sizes=\"auto, (max-width: 187px) 100vw, 187px\" \/>\t\t\t\t\t\t\t<\/div>\n\t\t\t\t\t\t<\/div>\n\t\t\t\t\t\t\t\t\t\t<div class=\"info-box-content\">\n\t\t\t\t\t\t<h4 class=\"info-box-title title wd-font-weight-600 box-title-style-default wd-fontsize-m\">Panam\u00e1 y<br \/>\nCentroam\u00e9rica<\/h4>\t\t\t\t\t\t<div class=\"info-box-inner reset-last-child\"><\/div>\n\n\t\t\t\t\t\t\t\t\t\t\t<\/div>\n\n\t\t\t\t\t\t\t\t\t\t\t<a class=\"wd-info-box-link wd-fill\" aria-label=\"Infobox link\" href=\"http:\/\/turbofreshpty.com\" title=\"\"><\/a>\n\t\t\t\t\t\n\t\t\t\t\t<style><\/style>\t\t\t\t<\/div>\n\t\t\t<\/div>\n\t\t<\/div><\/div><\/div><div class=\"wpb_column vc_column_container vc_col-sm-4 vc_col-lg-1\/5 vc_col-md-4 vc_col-xs-6 wd-enabled-flex text-center wd-rs-696d3c7e524d1\"><div class=\"vc_column-inner\"><div class=\"wpb_wrapper\">\t\t\t<div class=\"info-box-wrapper\">\n\t\t\t\t<div id=\"wd-696d361aec6c8\" class=\"wd-animation wd-transform wd-animation-zoom-in wd-animation-slow wd_delay_20 wd-rs-696d361aec6c8 wd-info-box wd-wpb text-center box-icon-align-top box-style- color-scheme- wd-bg-none wd-off-anim wpb_animate_when_almost_visible wpb_fadeIn fadeIn wd-anim-name_fadeIn pointer-box\">\n\t\t\t\t\t\t\t\t\t\t\t<div class=\"box-icon-wrapper  box-with-icon box-icon-simple\">\n\t\t\t\t\t\t\t<div class=\"info-box-icon\">\n\t\t\t\t\t\t\t\t<img loading=\"lazy\" decoding=\"async\" width=\"186\" height=\"140\" src=\"https:\/\/i0.wp.com\/turbofreshlatam.com\/wp-content\/uploads\/2026\/01\/TF-Landing-Costa-Rica.png?fit=186%2C140&amp;ssl=1\" class=\"attachment-800x600 size-800x600\" alt=\"\" srcset=\"https:\/\/i0.wp.com\/turbofreshlatam.com\/wp-content\/uploads\/2026\/01\/TF-Landing-Costa-Rica.png?w=186&amp;ssl=1 186w, https:\/\/i0.wp.com\/turbofreshlatam.com\/wp-content\/uploads\/2026\/01\/TF-Landing-Costa-Rica.png?resize=16%2C12&amp;ssl=1 16w, https:\/\/i0.wp.com\/turbofreshlatam.com\/wp-content\/uploads\/2026\/01\/TF-Landing-Costa-Rica.png?resize=150%2C113&amp;ssl=1 150w\" sizes=\"auto, (max-width: 186px) 100vw, 186px\" \/>\t\t\t\t\t\t\t<\/div>\n\t\t\t\t\t\t<\/div>\n\t\t\t\t\t\t\t\t\t\t<div class=\"info-box-content\">\n\t\t\t\t\t\t<h4 class=\"info-box-title title wd-font-weight-600 box-title-style-default wd-fontsize-m\">Costa Rica<\/h4>\t\t\t\t\t\t<div class=\"info-box-inner reset-last-child\"><\/div>\n\n\t\t\t\t\t\t\t\t\t\t\t<\/div>\n\n\t\t\t\t\t\t\t\t\t\t\t<a class=\"wd-info-box-link wd-fill\" aria-label=\"Infobox link\" href=\"http:\/\/turbofreshcr.com\" title=\"\"><\/a>\n\t\t\t\t\t\n\t\t\t\t\t<style><\/style>\t\t\t\t<\/div>\n\t\t\t<\/div>\n\t\t<\/div><\/div><\/div><div class=\"wpb_column vc_column_container vc_col-sm-4 vc_col-lg-1\/5 vc_col-md-4 vc_col-xs-6 wd-enabled-flex text-center wd-rs-696d3c85a0762\"><div class=\"vc_column-inner\"><div class=\"wpb_wrapper\">\t\t\t<div class=\"info-box-wrapper\">\n\t\t\t\t<div id=\"wd-696d36d29aa61\" class=\"wd-animation wd-transform wd-animation-zoom-in wd-animation-slow wd_delay_20 wd-rs-696d36d29aa61 wd-info-box wd-wpb text-center box-icon-align-top box-style- color-scheme- wd-bg-none wd-off-anim wpb_animate_when_almost_visible wpb_fadeIn fadeIn wd-anim-name_fadeIn pointer-box\">\n\t\t\t\t\t\t\t\t\t\t\t<div class=\"box-icon-wrapper  box-with-icon box-icon-simple\">\n\t\t\t\t\t\t\t<div class=\"info-box-icon\">\n\t\t\t\t\t\t\t\t<img loading=\"lazy\" decoding=\"async\" width=\"186\" height=\"140\" src=\"https:\/\/i0.wp.com\/turbofreshlatam.com\/wp-content\/uploads\/2026\/01\/TF-Landing-RD-y-Caribe.png?fit=186%2C140&amp;ssl=1\" class=\"attachment-800x600 size-800x600\" alt=\"\" srcset=\"https:\/\/i0.wp.com\/turbofreshlatam.com\/wp-content\/uploads\/2026\/01\/TF-Landing-RD-y-Caribe.png?w=186&amp;ssl=1 186w, https:\/\/i0.wp.com\/turbofreshlatam.com\/wp-content\/uploads\/2026\/01\/TF-Landing-RD-y-Caribe.png?resize=16%2C12&amp;ssl=1 16w, https:\/\/i0.wp.com\/turbofreshlatam.com\/wp-content\/uploads\/2026\/01\/TF-Landing-RD-y-Caribe.png?resize=150%2C113&amp;ssl=1 150w\" sizes=\"auto, (max-width: 186px) 100vw, 186px\" \/>\t\t\t\t\t\t\t<\/div>\n\t\t\t\t\t\t<\/div>\n\t\t\t\t\t\t\t\t\t\t<div class=\"info-box-content\">\n\t\t\t\t\t\t<h4 class=\"info-box-title title wd-font-weight-600 box-title-style-default wd-fontsize-m\">Dominican Republic .<br \/>\ny Caribe<\/h4>\t\t\t\t\t\t<div class=\"info-box-inner reset-last-child\"><\/div>\n\n\t\t\t\t\t\t\t\t\t\t\t<\/div>\n\n\t\t\t\t\t\t\t\t\t\t\t<a class=\"wd-info-box-link wd-fill\" aria-label=\"Infobox link\" href=\"http:\/\/turbofreshrd.com\" title=\"\"><\/a>\n\t\t\t\t\t\n\t\t\t\t\t<style><\/style>\t\t\t\t<\/div>\n\t\t\t<\/div>\n\t\t<\/div><\/div><\/div><div class=\"wpb_column vc_column_container vc_col-sm-6 vc_col-lg-1\/5 vc_col-md-4 vc_col-xs-6 wd-enabled-flex text-center wd-rs-696d3ca65e8cc\"><div class=\"vc_column-inner\"><div class=\"wpb_wrapper\">\t\t\t<div class=\"info-box-wrapper\">\n\t\t\t\t<div id=\"wd-696d36532c31b\" class=\"wd-animation wd-transform wd-animation-zoom-in wd-animation-slow wd_delay_20 wd-rs-696d36532c31b wd-info-box wd-wpb text-center box-icon-align-top box-style- color-scheme- wd-bg-none wd-off-anim wpb_animate_when_almost_visible wpb_fadeIn fadeIn wd-anim-name_fadeIn pointer-box\">\n\t\t\t\t\t\t\t\t\t\t\t<div class=\"box-icon-wrapper  box-with-icon box-icon-simple\">\n\t\t\t\t\t\t\t<div class=\"info-box-icon\">\n\t\t\t\t\t\t\t\t<img loading=\"lazy\" decoding=\"async\" width=\"187\" height=\"140\" src=\"https:\/\/i0.wp.com\/turbofreshlatam.com\/wp-content\/uploads\/2026\/01\/TF-Landing-Mexico.png?fit=187%2C140&amp;ssl=1\" class=\"attachment-800x600 size-800x600\" alt=\"\" srcset=\"https:\/\/i0.wp.com\/turbofreshlatam.com\/wp-content\/uploads\/2026\/01\/TF-Landing-Mexico.png?w=187&amp;ssl=1 187w, https:\/\/i0.wp.com\/turbofreshlatam.com\/wp-content\/uploads\/2026\/01\/TF-Landing-Mexico.png?resize=16%2C12&amp;ssl=1 16w, https:\/\/i0.wp.com\/turbofreshlatam.com\/wp-content\/uploads\/2026\/01\/TF-Landing-Mexico.png?resize=150%2C112&amp;ssl=1 150w\" sizes=\"auto, (max-width: 187px) 100vw, 187px\" \/>\t\t\t\t\t\t\t<\/div>\n\t\t\t\t\t\t<\/div>\n\t\t\t\t\t\t\t\t\t\t<div class=\"info-box-content\">\n\t\t\t\t\t\t<h4 class=\"info-box-title title wd-font-weight-600 box-title-style-default wd-fontsize-m\">Mexico<\/h4>\t\t\t\t\t\t<div class=\"info-box-inner reset-last-child\"><\/div>\n\n\t\t\t\t\t\t\t\t\t\t\t<\/div>\n\n\t\t\t\t\t\t\t\t\t\t\t<a class=\"wd-info-box-link wd-fill\" aria-label=\"Infobox link\" href=\"http:\/\/turbofreshmx.com\" title=\"\"><\/a>\n\t\t\t\t\t\n\t\t\t\t\t<style><\/style>\t\t\t\t<\/div>\n\t\t\t<\/div>\n\t\t<\/div><\/div><\/div><div class=\"wpb_column vc_column_container vc_col-sm-6 vc_col-lg-1\/5 vc_col-md-4 vc_col-xs-12 wd-enabled-flex text-center wd-rs-696d3cb79796d\"><div class=\"vc_column-inner\"><div class=\"wpb_wrapper\">\t\t\t<div class=\"info-box-wrapper\">\n\t\t\t\t<div id=\"wd-696d36751d5c4\" class=\"wd-animation wd-transform wd-animation-zoom-in wd-animation-slow wd_delay_20 wd-rs-696d36751d5c4 wd-info-box wd-wpb text-center box-icon-align-top box-style- color-scheme- wd-bg-none wd-off-anim wpb_animate_when_almost_visible wpb_fadeIn fadeIn wd-anim-name_fadeIn pointer-box\">\n\t\t\t\t\t\t\t\t\t\t\t<div class=\"box-icon-wrapper  box-with-icon box-icon-simple\">\n\t\t\t\t\t\t\t<div class=\"info-box-icon\">\n\t\t\t\t\t\t\t\t<img loading=\"lazy\" decoding=\"async\" width=\"187\" height=\"140\" src=\"https:\/\/i0.wp.com\/turbofreshlatam.com\/wp-content\/uploads\/2026\/01\/TF-Landing-USA.png?fit=187%2C140&amp;ssl=1\" class=\"attachment-800x600 size-800x600\" alt=\"\" srcset=\"https:\/\/i0.wp.com\/turbofreshlatam.com\/wp-content\/uploads\/2026\/01\/TF-Landing-USA.png?w=187&amp;ssl=1 187w, https:\/\/i0.wp.com\/turbofreshlatam.com\/wp-content\/uploads\/2026\/01\/TF-Landing-USA.png?resize=16%2C12&amp;ssl=1 16w, https:\/\/i0.wp.com\/turbofreshlatam.com\/wp-content\/uploads\/2026\/01\/TF-Landing-USA.png?resize=150%2C112&amp;ssl=1 150w\" sizes=\"auto, (max-width: 187px) 100vw, 187px\" \/>\t\t\t\t\t\t\t<\/div>\n\t\t\t\t\t\t<\/div>\n\t\t\t\t\t\t\t\t\t\t<div class=\"info-box-content\">\n\t\t\t\t\t\t<h4 class=\"info-box-title title wd-font-weight-600 box-title-style-default wd-fontsize-m\">USA<\/h4>\t\t\t\t\t\t<div class=\"info-box-inner reset-last-child\"><\/div>\n\n\t\t\t\t\t\t\t\t\t\t\t<\/div>\n\n\t\t\t\t\t\t\t\t\t\t\t<a class=\"wd-info-box-link wd-fill\" aria-label=\"Infobox link\" href=\"http:\/\/turbofreshusa.com\" title=\"\"><\/a>\n\t\t\t\t\t\n\t\t\t\t\t<style><\/style>\t\t\t\t<\/div>\n\t\t\t<\/div>\n\t\t<\/div><\/div><\/div><\/div><\/div><\/div><\/div><\/div>\n<\/div>","protected":false},"excerpt":{"rendered":"Selecciona tu Pa\u00eds o Regi\u00f3n Panam\u00e1 y Centroam\u00e9rica Costa Rica Rep\u00fablica Dominicana y Caribe M\u00e9xico USA","protected":false},"author":1,"featured_media":0,"parent":0,"menu_order":0,"comment_status":"closed","ping_status":"closed","template":"","meta":{"nf_dc_page":"","footnotes":""},"class_list":["post-7379","page","type-page","status-publish","hentry"],"yoast_head":"<!-- This site is optimized with the Yoast SEO Premium plugin v23.7 (Yoast SEO v27.4) - https:\/\/yoast.com\/product\/yoast-seo-premium-wordpress\/ -->\n<title>Soluciones de ventilaci\u00f3n en Latinoam\u00e9rica - Turbofresh<\/title>\n<meta name=\"description\" content=\"Turbofresh - Soluciones de ventilaci\u00f3n. Descubre soluciones de ventilaci\u00f3n innovadoras en Latinoam\u00e9rica. Con sede en Panam\u00e1, Costa Rica y Rep\u00fablica Dominicana, ofrecemos tecnolog\u00eda avanzada para mejorar la eficiencia y el confort en ambientes industriales y comerciales. \u00a1Cont\u00e1ctanos y transforma tu espacio hoy!\" \/>\n<meta name=\"robots\" content=\"index, follow, max-snippet:-1, max-image-preview:large, max-video-preview:-1\" \/>\n<link rel=\"canonical\" href=\"https:\/\/turbofreshlatam.com\/en\/\" \/>\n<meta property=\"og:locale\" content=\"en_US\" \/>\n<meta property=\"og:type\" content=\"article\" \/>\n<meta property=\"og:title\" content=\"Inicio\" \/>\n<meta property=\"og:description\" content=\"Turbofresh - Soluciones de ventilaci\u00f3n. Descubre soluciones de ventilaci\u00f3n innovadoras en Latinoam\u00e9rica. Con sede en Panam\u00e1, Costa Rica y Rep\u00fablica Dominicana, ofrecemos tecnolog\u00eda avanzada para mejorar la eficiencia y el confort en ambientes industriales y comerciales. \u00a1Cont\u00e1ctanos y transforma tu espacio hoy!\" \/>\n<meta property=\"og:url\" content=\"https:\/\/turbofreshlatam.com\/en\/\" \/>\n<meta property=\"og:site_name\" content=\"Turbofresh\" \/>\n<meta property=\"article:publisher\" content=\"https:\/\/www.facebook.com\/people\/TurboFresh-Latam\/pfbid0ajaDMQgnm7ud7M1HECvSm67SoYW1HvhB8BVRgvFzrVgyr7mDC36xgXYRfCRwRE5tl\/?ref=xav_ig_profile_web\" \/>\n<meta property=\"article:modified_time\" content=\"2026-01-19T11:35:51+00:00\" \/>\n<meta name=\"twitter:card\" content=\"summary_large_image\" \/>\n<meta name=\"twitter:label1\" content=\"Est. reading time\" \/>\n\t<meta name=\"twitter:data1\" content=\"2 minutes\" \/>\n<script type=\"application\/ld+json\" class=\"yoast-schema-graph\">{\"@context\":\"https:\\\/\\\/schema.org\",\"@graph\":[{\"@type\":\"WebPage\",\"@id\":\"https:\\\/\\\/turbofreshlatam.com\\\/\",\"url\":\"https:\\\/\\\/turbofreshlatam.com\\\/\",\"name\":\"Soluciones de ventilaci\u00f3n en Latinoam\u00e9rica - Turbofresh\",\"isPartOf\":{\"@id\":\"https:\\\/\\\/usp.rxn.temporary.site\\\/website_374bb836\\\/#website\"},\"datePublished\":\"2021-11-08T19:01:59+00:00\",\"dateModified\":\"2026-01-19T11:35:51+00:00\",\"description\":\"Turbofresh - Soluciones de ventilaci\u00f3n. Descubre soluciones de ventilaci\u00f3n innovadoras en Latinoam\u00e9rica. Con sede en Panam\u00e1, Costa Rica y Rep\u00fablica Dominicana, ofrecemos tecnolog\u00eda avanzada para mejorar la eficiencia y el confort en ambientes industriales y comerciales. \u00a1Cont\u00e1ctanos y transforma tu espacio hoy!\",\"breadcrumb\":{\"@id\":\"https:\\\/\\\/turbofreshlatam.com\\\/#breadcrumb\"},\"inLanguage\":\"en-US\",\"potentialAction\":[{\"@type\":\"ReadAction\",\"target\":[\"https:\\\/\\\/turbofreshlatam.com\\\/\"]}]},{\"@type\":\"BreadcrumbList\",\"@id\":\"https:\\\/\\\/turbofreshlatam.com\\\/#breadcrumb\",\"itemListElement\":[{\"@type\":\"ListItem\",\"position\":1,\"name\":\"Home\",\"item\":\"https:\\\/\\\/turbofreshlatam.com\\\/\"},{\"@type\":\"ListItem\",\"position\":2,\"name\":\"Inicio\"}]},{\"@type\":\"WebSite\",\"@id\":\"https:\\\/\\\/usp.rxn.temporary.site\\\/website_374bb836\\\/#website\",\"url\":\"https:\\\/\\\/usp.rxn.temporary.site\\\/website_374bb836\\\/\",\"name\":\"Turbofresh\",\"description\":\"\",\"publisher\":{\"@id\":\"https:\\\/\\\/usp.rxn.temporary.site\\\/website_374bb836\\\/#organization\"},\"potentialAction\":[{\"@type\":\"SearchAction\",\"target\":{\"@type\":\"EntryPoint\",\"urlTemplate\":\"https:\\\/\\\/usp.rxn.temporary.site\\\/website_374bb836\\\/?s={search_term_string}\"},\"query-input\":{\"@type\":\"PropertyValueSpecification\",\"valueRequired\":true,\"valueName\":\"search_term_string\"}}],\"inLanguage\":\"en-US\"},{\"@type\":\"Organization\",\"@id\":\"https:\\\/\\\/usp.rxn.temporary.site\\\/website_374bb836\\\/#organization\",\"name\":\"Turbofresh\",\"url\":\"https:\\\/\\\/usp.rxn.temporary.site\\\/website_374bb836\\\/\",\"logo\":{\"@type\":\"ImageObject\",\"inLanguage\":\"en-US\",\"@id\":\"https:\\\/\\\/usp.rxn.temporary.site\\\/website_374bb836\\\/#\\\/schema\\\/logo\\\/image\\\/\",\"url\":\"https:\\\/\\\/turbofreshlatam.com\\\/wp-content\\\/uploads\\\/2024\\\/08\\\/turbofreshlogo.webp\",\"contentUrl\":\"https:\\\/\\\/turbofreshlatam.com\\\/wp-content\\\/uploads\\\/2024\\\/08\\\/turbofreshlogo.webp\",\"width\":470,\"height\":110,\"caption\":\"Turbofresh\"},\"image\":{\"@id\":\"https:\\\/\\\/usp.rxn.temporary.site\\\/website_374bb836\\\/#\\\/schema\\\/logo\\\/image\\\/\"},\"sameAs\":[\"https:\\\/\\\/www.facebook.com\\\/people\\\/TurboFresh-Latam\\\/pfbid0ajaDMQgnm7ud7M1HECvSm67SoYW1HvhB8BVRgvFzrVgyr7mDC36xgXYRfCRwRE5tl\\\/?ref=xav_ig_profile_web\",\"https:\\\/\\\/www.instagram.com\\\/turbofreshlatam\\\/?hl=es\"]}]}<\/script>\n<!-- \/ Yoast SEO Premium plugin. -->","yoast_head_json":{"title":"Soluciones de ventilaci\u00f3n en Latinoam\u00e9rica - Turbofresh","description":"Turbofresh - Soluciones de ventilaci\u00f3n. Descubre soluciones de ventilaci\u00f3n innovadoras en Latinoam\u00e9rica. Con sede en Panam\u00e1, Costa Rica y Rep\u00fablica Dominicana, ofrecemos tecnolog\u00eda avanzada para mejorar la eficiencia y el confort en ambientes industriales y comerciales. \u00a1Cont\u00e1ctanos y transforma tu espacio hoy!","robots":{"index":"index","follow":"follow","max-snippet":"max-snippet:-1","max-image-preview":"max-image-preview:large","max-video-preview":"max-video-preview:-1"},"canonical":"https:\/\/turbofreshlatam.com\/en\/","og_locale":"en_US","og_type":"article","og_title":"Inicio","og_description":"Turbofresh - Soluciones de ventilaci\u00f3n. Descubre soluciones de ventilaci\u00f3n innovadoras en Latinoam\u00e9rica. Con sede en Panam\u00e1, Costa Rica y Rep\u00fablica Dominicana, ofrecemos tecnolog\u00eda avanzada para mejorar la eficiencia y el confort en ambientes industriales y comerciales. \u00a1Cont\u00e1ctanos y transforma tu espacio hoy!","og_url":"https:\/\/turbofreshlatam.com\/en\/","og_site_name":"Turbofresh","article_publisher":"https:\/\/www.facebook.com\/people\/TurboFresh-Latam\/pfbid0ajaDMQgnm7ud7M1HECvSm67SoYW1HvhB8BVRgvFzrVgyr7mDC36xgXYRfCRwRE5tl\/?ref=xav_ig_profile_web","article_modified_time":"2026-01-19T11:35:51+00:00","twitter_card":"summary_large_image","twitter_misc":{"Est. reading time":"2 minutes"},"schema":{"@context":"https:\/\/schema.org","@graph":[{"@type":"WebPage","@id":"https:\/\/turbofreshlatam.com\/","url":"https:\/\/turbofreshlatam.com\/","name":"Soluciones de ventilaci\u00f3n en Latinoam\u00e9rica - Turbofresh","isPartOf":{"@id":"https:\/\/usp.rxn.temporary.site\/website_374bb836\/#website"},"datePublished":"2021-11-08T19:01:59+00:00","dateModified":"2026-01-19T11:35:51+00:00","description":"Turbofresh - Soluciones de ventilaci\u00f3n. Descubre soluciones de ventilaci\u00f3n innovadoras en Latinoam\u00e9rica. Con sede en Panam\u00e1, Costa Rica y Rep\u00fablica Dominicana, ofrecemos tecnolog\u00eda avanzada para mejorar la eficiencia y el confort en ambientes industriales y comerciales. \u00a1Cont\u00e1ctanos y transforma tu espacio hoy!","breadcrumb":{"@id":"https:\/\/turbofreshlatam.com\/#breadcrumb"},"inLanguage":"en-US","potentialAction":[{"@type":"ReadAction","target":["https:\/\/turbofreshlatam.com\/"]}]},{"@type":"BreadcrumbList","@id":"https:\/\/turbofreshlatam.com\/#breadcrumb","itemListElement":[{"@type":"ListItem","position":1,"name":"Home","item":"https:\/\/turbofreshlatam.com\/"},{"@type":"ListItem","position":2,"name":"Inicio"}]},{"@type":"WebSite","@id":"https:\/\/usp.rxn.temporary.site\/website_374bb836\/#website","url":"https:\/\/usp.rxn.temporary.site\/website_374bb836\/","name":"Turbofresh","description":"","publisher":{"@id":"https:\/\/usp.rxn.temporary.site\/website_374bb836\/#organization"},"potentialAction":[{"@type":"SearchAction","target":{"@type":"EntryPoint","urlTemplate":"https:\/\/usp.rxn.temporary.site\/website_374bb836\/?s={search_term_string}"},"query-input":{"@type":"PropertyValueSpecification","valueRequired":true,"valueName":"search_term_string"}}],"inLanguage":"en-US"},{"@type":"Organization","@id":"https:\/\/usp.rxn.temporary.site\/website_374bb836\/#organization","name":"Turbofresh","url":"https:\/\/usp.rxn.temporary.site\/website_374bb836\/","logo":{"@type":"ImageObject","inLanguage":"en-US","@id":"https:\/\/usp.rxn.temporary.site\/website_374bb836\/#\/schema\/logo\/image\/","url":"https:\/\/turbofreshlatam.com\/wp-content\/uploads\/2024\/08\/turbofreshlogo.webp","contentUrl":"https:\/\/turbofreshlatam.com\/wp-content\/uploads\/2024\/08\/turbofreshlogo.webp","width":470,"height":110,"caption":"Turbofresh"},"image":{"@id":"https:\/\/usp.rxn.temporary.site\/website_374bb836\/#\/schema\/logo\/image\/"},"sameAs":["https:\/\/www.facebook.com\/people\/TurboFresh-Latam\/pfbid0ajaDMQgnm7ud7M1HECvSm67SoYW1HvhB8BVRgvFzrVgyr7mDC36xgXYRfCRwRE5tl\/?ref=xav_ig_profile_web","https:\/\/www.instagram.com\/turbofreshlatam\/?hl=es"]}]}},"jetpack_sharing_enabled":true,"_links":{"self":[{"href":"https:\/\/turbofreshlatam.com\/en\/wp-json\/wp\/v2\/pages\/7379","targetHints":{"allow":["GET"]}}],"collection":[{"href":"https:\/\/turbofreshlatam.com\/en\/wp-json\/wp\/v2\/pages"}],"about":[{"href":"https:\/\/turbofreshlatam.com\/en\/wp-json\/wp\/v2\/types\/page"}],"author":[{"embeddable":true,"href":"https:\/\/turbofreshlatam.com\/en\/wp-json\/wp\/v2\/users\/1"}],"replies":[{"embeddable":true,"href":"https:\/\/turbofreshlatam.com\/en\/wp-json\/wp\/v2\/comments?post=7379"}],"version-history":[{"count":5,"href":"https:\/\/turbofreshlatam.com\/en\/wp-json\/wp\/v2\/pages\/7379\/revisions"}],"predecessor-version":[{"id":10380,"href":"https:\/\/turbofreshlatam.com\/en\/wp-json\/wp\/v2\/pages\/7379\/revisions\/10380"}],"wp:attachment":[{"href":"https:\/\/turbofreshlatam.com\/en\/wp-json\/wp\/v2\/media?parent=7379"}],"curies":[{"name":"wp","href":"https:\/\/api.w.org\/{rel}","templated":true}]}}