{"id":10006,"date":"2024-08-08T00:09:04","date_gmt":"2024-08-08T00:09:04","guid":{"rendered":"https:\/\/turbofreshlatam.com\/?post_type=product&#038;p=10006"},"modified":"2024-08-08T00:11:52","modified_gmt":"2024-08-08T00:11:52","slug":"airmove-ii","status":"publish","type":"product","link":"https:\/\/turbofreshlatam.com\/en\/product\/airmove-ii\/","title":{"rendered":"AIRMOVE II"},"content":{"rendered":"<p><span style=\"font-weight: 400;\">The new PMSM permanent magnet motor platform makes the air supply efficiency of Airmove II reach an unprecedented level, allowing you to quickly cool down when you are sweating in the hot summer and have a natural and comfortable experience, and greatly improves the comfort of the environment. It is perfectly suitable for public and commercial places, such as logistics spaces, fitness stadiums, bars, restaurants, etc. The details of Airmove II are full of ingenious design. It is a sincere work of Kale industrial design. Even a casual glance at Airmove II will leave you a deep impression!<\/span><\/p>\n<p><b style=\"color: #faab23;\">Aerodynamic mesh cover<\/b><\/p>\n<p><span style=\"font-weight: 400;\">3D aerodynamic grille, excellent performance, less wind resistance, increased air supply<\/span><\/p>\n<p><b style=\"color: #faab23;\">Motor<\/b><\/p>\n<p><span style=\"font-weight: 400;\">The newly developed 48V permanent magnet synchronous motor for energy storage applications is a game-changer. This cutting-edge technology delivers unmatched performance and impressive runtime, making it an ideal solution for various energy storage applications. This breakthrough represents a significant step forward in the technological revolution and marks a new era of innovation and progress.<\/span><\/p>\n<p><b style=\"color: #faab23;\">Continuous battery charging<\/b><\/p>\n<p><span style=\"font-weight: 400;\">The Airmove II is an exceptional product that uses only one battery. Even when a battery is removed during operation, the fan automatically switches to single battery mode. This means you can enjoy uninterrupted operation and long battery life, allowing you to get the most out of your device.<\/span><\/p>\n<p><b style=\"color: #faab23;\">Lithium Battery<\/b><\/p>\n<p><span style=\"font-weight: 400;\">Two 48V 21AH (1kWh) Lithium batteries (total 2kWh) Experience peace of mind with our top-level safety measure, long cycle life, low self-discharge rate and no memory effect.<\/span><\/p>","protected":false},"excerpt":{"rendered":"<p><span style=\"font-weight: 400;\">Kale Airmove II series is a new generation of mobile fan products. The new energy storage function makes the application of the fan unrestricted.<\/span><\/p>\n<p><img loading=\"lazy\" decoding=\"async\" class=\"alignnone wp-image-9902 size-full\" src=\"https:\/\/turbofreshlatam.com\/wp-content\/uploads\/2024\/08\/Iconos-Kale-scaled.webp\" alt=\"\" width=\"2560\" height=\"317\" srcset=\"https:\/\/i0.wp.com\/turbofreshlatam.com\/wp-content\/uploads\/2024\/08\/Iconos-Kale-scaled.webp?w=2560&amp;ssl=1 2560w, https:\/\/i0.wp.com\/turbofreshlatam.com\/wp-content\/uploads\/2024\/08\/Iconos-Kale-scaled.webp?resize=400%2C50&amp;ssl=1 400w, https:\/\/i0.wp.com\/turbofreshlatam.com\/wp-content\/uploads\/2024\/08\/Iconos-Kale-scaled.webp?resize=1300%2C161&amp;ssl=1 1300w, https:\/\/i0.wp.com\/turbofreshlatam.com\/wp-content\/uploads\/2024\/08\/Iconos-Kale-scaled.webp?resize=768%2C95&amp;ssl=1 768w, https:\/\/i0.wp.com\/turbofreshlatam.com\/wp-content\/uploads\/2024\/08\/Iconos-Kale-scaled.webp?resize=1536%2C190&amp;ssl=1 1536w, https:\/\/i0.wp.com\/turbofreshlatam.com\/wp-content\/uploads\/2024\/08\/Iconos-Kale-scaled.webp?resize=2048%2C254&amp;ssl=1 2048w, https:\/\/i0.wp.com\/turbofreshlatam.com\/wp-content\/uploads\/2024\/08\/Iconos-Kale-scaled.webp?resize=430%2C53&amp;ssl=1 430w, https:\/\/i0.wp.com\/turbofreshlatam.com\/wp-content\/uploads\/2024\/08\/Iconos-Kale-scaled.webp?resize=700%2C87&amp;ssl=1 700w, https:\/\/i0.wp.com\/turbofreshlatam.com\/wp-content\/uploads\/2024\/08\/Iconos-Kale-scaled.webp?resize=150%2C19&amp;ssl=1 150w\" sizes=\"auto, (max-width: 2560px) 100vw, 2560px\" \/><\/p>","protected":false},"featured_media":10007,"template":"","meta":{"nf_dc_page":""},"product_brand":[],"product_cat":[22],"product_tag":[85,84,82,83,86],"class_list":{"0":"post-10006","1":"product","2":"type-product","3":"status-publish","4":"has-post-thumbnail","6":"product_cat-kale-fans","7":"product_tag-aerodinamica","8":"product_tag-fans","9":"product_tag-kale","10":"product_tag-kale-fans","11":"product_tag-pwm","13":"first","14":"instock","15":"shipping-taxable","16":"product-type-external"},"yoast_head":"<!-- This site is optimized with the Yoast SEO Premium plugin v23.7 (Yoast SEO v27.4) - https:\/\/yoast.com\/product\/yoast-seo-premium-wordpress\/ -->\n<title>AIRMOVE II - Turbofresh<\/title>\n<meta name=\"robots\" content=\"index, follow, max-snippet:-1, max-image-preview:large, max-video-preview:-1\" \/>\n<link rel=\"canonical\" href=\"https:\/\/turbofreshlatam.com\/en\/product\/airmove-ii\/\" \/>\n<meta property=\"og:locale\" content=\"en_US\" \/>\n<meta property=\"og:type\" content=\"article\" \/>\n<meta property=\"og:title\" content=\"AIRMOVE II\" \/>\n<meta property=\"og:description\" content=\"La serie Kale Airmove II es una nueva generaci\u00f3n de productos de ventiladores m\u00f3viles. La nueva funci\u00f3n de almacenamiento de energ\u00eda hace que la aplicaci\u00f3n del ventilador no est\u00e9 restringida.\" \/>\n<meta property=\"og:url\" content=\"https:\/\/turbofreshlatam.com\/en\/product\/airmove-ii\/\" \/>\n<meta property=\"og:site_name\" content=\"Turbofresh\" \/>\n<meta property=\"article:publisher\" content=\"https:\/\/www.facebook.com\/people\/TurboFresh-Latam\/pfbid0ajaDMQgnm7ud7M1HECvSm67SoYW1HvhB8BVRgvFzrVgyr7mDC36xgXYRfCRwRE5tl\/?ref=xav_ig_profile_web\" \/>\n<meta property=\"article:modified_time\" content=\"2024-08-08T00:11:52+00:00\" \/>\n<meta property=\"og:image\" content=\"https:\/\/turbofreshlatam.com\/wp-content\/uploads\/2024\/08\/1.-Foto-Principal-4.webp\" \/>\n\t<meta property=\"og:image:width\" content=\"710\" \/>\n\t<meta property=\"og:image:height\" content=\"770\" \/>\n\t<meta property=\"og:image:type\" content=\"image\/webp\" \/>\n<meta name=\"twitter:card\" content=\"summary_large_image\" \/>\n<meta name=\"twitter:label1\" content=\"Est. reading time\" \/>\n\t<meta name=\"twitter:data1\" content=\"2 minutes\" \/>\n<script type=\"application\/ld+json\" class=\"yoast-schema-graph\">{\"@context\":\"https:\\\/\\\/schema.org\",\"@graph\":[{\"@type\":\"WebPage\",\"@id\":\"https:\\\/\\\/turbofreshlatam.com\\\/product\\\/airmove-ii\\\/\",\"url\":\"https:\\\/\\\/turbofreshlatam.com\\\/product\\\/airmove-ii\\\/\",\"name\":\"AIRMOVE II - Turbofresh\",\"isPartOf\":{\"@id\":\"https:\\\/\\\/usp.rxn.temporary.site\\\/website_374bb836\\\/#website\"},\"primaryImageOfPage\":{\"@id\":\"https:\\\/\\\/turbofreshlatam.com\\\/product\\\/airmove-ii\\\/#primaryimage\"},\"image\":{\"@id\":\"https:\\\/\\\/turbofreshlatam.com\\\/product\\\/airmove-ii\\\/#primaryimage\"},\"thumbnailUrl\":\"https:\\\/\\\/i0.wp.com\\\/turbofreshlatam.com\\\/wp-content\\\/uploads\\\/2024\\\/08\\\/1.-Foto-Principal-4.webp?fit=710%2C770&ssl=1\",\"datePublished\":\"2024-08-08T00:09:04+00:00\",\"dateModified\":\"2024-08-08T00:11:52+00:00\",\"breadcrumb\":{\"@id\":\"https:\\\/\\\/turbofreshlatam.com\\\/product\\\/airmove-ii\\\/#breadcrumb\"},\"inLanguage\":\"en-US\",\"potentialAction\":[{\"@type\":\"ReadAction\",\"target\":[\"https:\\\/\\\/turbofreshlatam.com\\\/product\\\/airmove-ii\\\/\"]}]},{\"@type\":\"ImageObject\",\"inLanguage\":\"en-US\",\"@id\":\"https:\\\/\\\/turbofreshlatam.com\\\/product\\\/airmove-ii\\\/#primaryimage\",\"url\":\"https:\\\/\\\/i0.wp.com\\\/turbofreshlatam.com\\\/wp-content\\\/uploads\\\/2024\\\/08\\\/1.-Foto-Principal-4.webp?fit=710%2C770&ssl=1\",\"contentUrl\":\"https:\\\/\\\/i0.wp.com\\\/turbofreshlatam.com\\\/wp-content\\\/uploads\\\/2024\\\/08\\\/1.-Foto-Principal-4.webp?fit=710%2C770&ssl=1\",\"width\":710,\"height\":770,\"caption\":\"AIRMOVE II\"},{\"@type\":\"BreadcrumbList\",\"@id\":\"https:\\\/\\\/turbofreshlatam.com\\\/product\\\/airmove-ii\\\/#breadcrumb\",\"itemListElement\":[{\"@type\":\"ListItem\",\"position\":1,\"name\":\"Home\",\"item\":\"https:\\\/\\\/turbofreshlatam.com\\\/\"},{\"@type\":\"ListItem\",\"position\":2,\"name\":\"Shop\",\"item\":\"https:\\\/\\\/turbofreshlatam.com\\\/?page_id=1249\"},{\"@type\":\"ListItem\",\"position\":3,\"name\":\"AIRMOVE II\"}]},{\"@type\":\"WebSite\",\"@id\":\"https:\\\/\\\/usp.rxn.temporary.site\\\/website_374bb836\\\/#website\",\"url\":\"https:\\\/\\\/usp.rxn.temporary.site\\\/website_374bb836\\\/\",\"name\":\"Turbofresh\",\"description\":\"\",\"publisher\":{\"@id\":\"https:\\\/\\\/usp.rxn.temporary.site\\\/website_374bb836\\\/#organization\"},\"potentialAction\":[{\"@type\":\"SearchAction\",\"target\":{\"@type\":\"EntryPoint\",\"urlTemplate\":\"https:\\\/\\\/usp.rxn.temporary.site\\\/website_374bb836\\\/?s={search_term_string}\"},\"query-input\":{\"@type\":\"PropertyValueSpecification\",\"valueRequired\":true,\"valueName\":\"search_term_string\"}}],\"inLanguage\":\"en-US\"},{\"@type\":\"Organization\",\"@id\":\"https:\\\/\\\/usp.rxn.temporary.site\\\/website_374bb836\\\/#organization\",\"name\":\"Turbofresh\",\"url\":\"https:\\\/\\\/usp.rxn.temporary.site\\\/website_374bb836\\\/\",\"logo\":{\"@type\":\"ImageObject\",\"inLanguage\":\"en-US\",\"@id\":\"https:\\\/\\\/usp.rxn.temporary.site\\\/website_374bb836\\\/#\\\/schema\\\/logo\\\/image\\\/\",\"url\":\"https:\\\/\\\/turbofreshlatam.com\\\/wp-content\\\/uploads\\\/2024\\\/08\\\/turbofreshlogo.webp\",\"contentUrl\":\"https:\\\/\\\/turbofreshlatam.com\\\/wp-content\\\/uploads\\\/2024\\\/08\\\/turbofreshlogo.webp\",\"width\":470,\"height\":110,\"caption\":\"Turbofresh\"},\"image\":{\"@id\":\"https:\\\/\\\/usp.rxn.temporary.site\\\/website_374bb836\\\/#\\\/schema\\\/logo\\\/image\\\/\"},\"sameAs\":[\"https:\\\/\\\/www.facebook.com\\\/people\\\/TurboFresh-Latam\\\/pfbid0ajaDMQgnm7ud7M1HECvSm67SoYW1HvhB8BVRgvFzrVgyr7mDC36xgXYRfCRwRE5tl\\\/?ref=xav_ig_profile_web\",\"https:\\\/\\\/www.instagram.com\\\/turbofreshlatam\\\/?hl=es\"]}]}<\/script>\n<!-- \/ Yoast SEO Premium plugin. -->","yoast_head_json":{"title":"AIRMOVE II - Turbofresh","robots":{"index":"index","follow":"follow","max-snippet":"max-snippet:-1","max-image-preview":"max-image-preview:large","max-video-preview":"max-video-preview:-1"},"canonical":"https:\/\/turbofreshlatam.com\/en\/product\/airmove-ii\/","og_locale":"en_US","og_type":"article","og_title":"AIRMOVE II","og_description":"La serie Kale Airmove II es una nueva generaci\u00f3n de productos de ventiladores m\u00f3viles. La nueva funci\u00f3n de almacenamiento de energ\u00eda hace que la aplicaci\u00f3n del ventilador no est\u00e9 restringida.","og_url":"https:\/\/turbofreshlatam.com\/en\/product\/airmove-ii\/","og_site_name":"Turbofresh","article_publisher":"https:\/\/www.facebook.com\/people\/TurboFresh-Latam\/pfbid0ajaDMQgnm7ud7M1HECvSm67SoYW1HvhB8BVRgvFzrVgyr7mDC36xgXYRfCRwRE5tl\/?ref=xav_ig_profile_web","article_modified_time":"2024-08-08T00:11:52+00:00","og_image":[{"width":710,"height":770,"url":"https:\/\/turbofreshlatam.com\/wp-content\/uploads\/2024\/08\/1.-Foto-Principal-4.webp","type":"image\/webp"}],"twitter_card":"summary_large_image","twitter_misc":{"Est. reading time":"2 minutes"},"schema":{"@context":"https:\/\/schema.org","@graph":[{"@type":"WebPage","@id":"https:\/\/turbofreshlatam.com\/product\/airmove-ii\/","url":"https:\/\/turbofreshlatam.com\/product\/airmove-ii\/","name":"AIRMOVE II - Turbofresh","isPartOf":{"@id":"https:\/\/usp.rxn.temporary.site\/website_374bb836\/#website"},"primaryImageOfPage":{"@id":"https:\/\/turbofreshlatam.com\/product\/airmove-ii\/#primaryimage"},"image":{"@id":"https:\/\/turbofreshlatam.com\/product\/airmove-ii\/#primaryimage"},"thumbnailUrl":"https:\/\/i0.wp.com\/turbofreshlatam.com\/wp-content\/uploads\/2024\/08\/1.-Foto-Principal-4.webp?fit=710%2C770&ssl=1","datePublished":"2024-08-08T00:09:04+00:00","dateModified":"2024-08-08T00:11:52+00:00","breadcrumb":{"@id":"https:\/\/turbofreshlatam.com\/product\/airmove-ii\/#breadcrumb"},"inLanguage":"en-US","potentialAction":[{"@type":"ReadAction","target":["https:\/\/turbofreshlatam.com\/product\/airmove-ii\/"]}]},{"@type":"ImageObject","inLanguage":"en-US","@id":"https:\/\/turbofreshlatam.com\/product\/airmove-ii\/#primaryimage","url":"https:\/\/i0.wp.com\/turbofreshlatam.com\/wp-content\/uploads\/2024\/08\/1.-Foto-Principal-4.webp?fit=710%2C770&ssl=1","contentUrl":"https:\/\/i0.wp.com\/turbofreshlatam.com\/wp-content\/uploads\/2024\/08\/1.-Foto-Principal-4.webp?fit=710%2C770&ssl=1","width":710,"height":770,"caption":"AIRMOVE II"},{"@type":"BreadcrumbList","@id":"https:\/\/turbofreshlatam.com\/product\/airmove-ii\/#breadcrumb","itemListElement":[{"@type":"ListItem","position":1,"name":"Home","item":"https:\/\/turbofreshlatam.com\/"},{"@type":"ListItem","position":2,"name":"Shop","item":"https:\/\/turbofreshlatam.com\/?page_id=1249"},{"@type":"ListItem","position":3,"name":"AIRMOVE II"}]},{"@type":"WebSite","@id":"https:\/\/usp.rxn.temporary.site\/website_374bb836\/#website","url":"https:\/\/usp.rxn.temporary.site\/website_374bb836\/","name":"Turbofresh","description":"","publisher":{"@id":"https:\/\/usp.rxn.temporary.site\/website_374bb836\/#organization"},"potentialAction":[{"@type":"SearchAction","target":{"@type":"EntryPoint","urlTemplate":"https:\/\/usp.rxn.temporary.site\/website_374bb836\/?s={search_term_string}"},"query-input":{"@type":"PropertyValueSpecification","valueRequired":true,"valueName":"search_term_string"}}],"inLanguage":"en-US"},{"@type":"Organization","@id":"https:\/\/usp.rxn.temporary.site\/website_374bb836\/#organization","name":"Turbofresh","url":"https:\/\/usp.rxn.temporary.site\/website_374bb836\/","logo":{"@type":"ImageObject","inLanguage":"en-US","@id":"https:\/\/usp.rxn.temporary.site\/website_374bb836\/#\/schema\/logo\/image\/","url":"https:\/\/turbofreshlatam.com\/wp-content\/uploads\/2024\/08\/turbofreshlogo.webp","contentUrl":"https:\/\/turbofreshlatam.com\/wp-content\/uploads\/2024\/08\/turbofreshlogo.webp","width":470,"height":110,"caption":"Turbofresh"},"image":{"@id":"https:\/\/usp.rxn.temporary.site\/website_374bb836\/#\/schema\/logo\/image\/"},"sameAs":["https:\/\/www.facebook.com\/people\/TurboFresh-Latam\/pfbid0ajaDMQgnm7ud7M1HECvSm67SoYW1HvhB8BVRgvFzrVgyr7mDC36xgXYRfCRwRE5tl\/?ref=xav_ig_profile_web","https:\/\/www.instagram.com\/turbofreshlatam\/?hl=es"]}]}},"jetpack_sharing_enabled":true,"_links":{"self":[{"href":"https:\/\/turbofreshlatam.com\/en\/wp-json\/wp\/v2\/product\/10006","targetHints":{"allow":["GET"]}}],"collection":[{"href":"https:\/\/turbofreshlatam.com\/en\/wp-json\/wp\/v2\/product"}],"about":[{"href":"https:\/\/turbofreshlatam.com\/en\/wp-json\/wp\/v2\/types\/product"}],"wp:featuredmedia":[{"embeddable":true,"href":"https:\/\/turbofreshlatam.com\/en\/wp-json\/wp\/v2\/media\/10007"}],"wp:attachment":[{"href":"https:\/\/turbofreshlatam.com\/en\/wp-json\/wp\/v2\/media?parent=10006"}],"wp:term":[{"taxonomy":"product_brand","embeddable":true,"href":"https:\/\/turbofreshlatam.com\/en\/wp-json\/wp\/v2\/product_brand?post=10006"},{"taxonomy":"product_cat","embeddable":true,"href":"https:\/\/turbofreshlatam.com\/en\/wp-json\/wp\/v2\/product_cat?post=10006"},{"taxonomy":"product_tag","embeddable":true,"href":"https:\/\/turbofreshlatam.com\/en\/wp-json\/wp\/v2\/product_tag?post=10006"}],"curies":[{"name":"wp","href":"https:\/\/api.w.org\/{rel}","templated":true}]}}