{"id":10331,"date":"2025-06-30T23:53:03","date_gmt":"2025-06-30T23:53:03","guid":{"rendered":"https:\/\/turbofreshlatam.com\/?post_type=product&#038;p=10331"},"modified":"2025-07-01T00:11:34","modified_gmt":"2025-07-01T00:11:34","slug":"vector-aero","status":"publish","type":"product","link":"https:\/\/turbofreshlatam.com\/en\/product\/vector-aero\/","title":{"rendered":"VECTOR AERO"},"content":{"rendered":"<p><b style=\"color: #79bce0;\"><i><b>Presentando a Aero: El avance en enfriamiento inteligente <\/b><\/i><\/b><b style=\"color: #79bce0;\"><i><\/i><\/b><\/p>\n<p><span style=\"font-weight: 400;\">Aero es la evoluci\u00f3n del flujo de aire inteligente, dise\u00f1ado para mejorar tu entorno con facilidad. Este innovador sistema de enfriamiento exterior m\u00f3vil usa solo agua para proporcionar hasta 25<\/span><span style=\"font-weight: 400;\">\u00b0<\/span><span style=\"font-weight: 400;\"> de enfriamiento. Incorpora la tecnolog\u00eda patentada CrossFlow\u2122 para un flujo de aire de \u00faltima generaci\u00f3n, y ofrece oscilaci\u00f3n variable de hasta 180\u00b0 para un flujo de aire panor\u00e1mico personalizable (estrecho, ancho y ultra ancho). Aero es dise\u00f1ado y fabricado en los Estados Unidos.<\/span><\/p>\n<p><b style=\"color: #79bce0;\"><i><b>Caracter\u00edsticas clave para una experiencia superior<\/b><\/i><\/b><\/p>\n<p><span style=\"font-weight: 400;\">Aero incluye un QuickCool\u2122 Ice Chamber de f\u00e1cil acceso para mejorar r\u00e1pidamente el ambiente. Tambi\u00e9n cuenta con un QuickCool\u2122 Reservoir para m\u00faltiples opciones de conexi\u00f3n de agua y f\u00e1cil acceso para limpieza. Utiliza tecnolog\u00eda de circulaci\u00f3n higi\u00e9nica con solo 16 oz de agua. Sus dimensiones son 40.2&#8243; H x 22.5&#8243; W x 18.7\u2032\u2032 D y pesa 75 lbs (seco). Ofrece una velocidad de aire de m\u00e1s de 25 mph y una entrega de aire de 1800 CFM, con un consumo de energ\u00eda de 400W.<\/span><\/p>\n<p><b style=\"color: #79bce0;\"><i><b>Especificaciones t\u00e9cnicas y rendimiento<\/b><\/i><\/b><\/p>\n<p><span style=\"font-weight: 400;\">Aero opera con un voltaje de entrada de 110-220V (50-60Hz), aunque voltajes superiores a 120VAC requieren un cambio de cable. Dispone de 8 velocidades de ventilador variables y cubre 1000-1200 pies cuadrados. Su dep\u00f3sito de agua es de 8 galones (30 litros), y su nivel de ruido es &#8220;Whisper Quiet&#8221; (&lt; 58 dB).<\/span><\/p>\n<p>&nbsp;<\/p>","protected":false},"excerpt":{"rendered":"<p><b>AERO &#8211; Abanico Port\u00e1til<\/b><\/p>\n<p><span style=\"font-weight: 400;\">Un revolucionario sistema de refrigeraci\u00f3n evaporativa dise\u00f1ado para ofrecer un potente rendimiento, una movilidad inteligente y un confort sin esfuerzo.<\/span><\/p>\n<p><span style=\"font-weight: 400;\">Tanto para enfriar un espacio al aire libre, el patio de un restaurante o un local de alto nivel, Aero ofrece innovaci\u00f3n en el flujo de aire.<\/span><\/p>\n<p><img loading=\"lazy\" decoding=\"async\" class=\"alignnone wp-image-9885 size-large\" src=\"\/wp-content\/uploads\/2025\/07\/Iconos.png\" alt=\"icons-spartan\" width=\"1300\" height=\"236\" \/><\/p>","protected":false},"featured_media":10336,"template":"","meta":{"nf_dc_page":""},"product_brand":[],"product_cat":[50],"product_tag":[73,75,74,71,72],"class_list":{"0":"post-10331","1":"product","2":"type-product","3":"status-publish","4":"has-post-thumbnail","6":"product_cat-vector","7":"product_tag-abanico","8":"product_tag-abanico-portatil","9":"product_tag-portatil","10":"product_tag-vector","11":"product_tag-vector-climate","13":"first","14":"instock","15":"shipping-taxable","16":"product-type-external"},"yoast_head":"<!-- This site is optimized with the Yoast SEO Premium plugin v23.7 (Yoast SEO v27.4) - https:\/\/yoast.com\/product\/yoast-seo-premium-wordpress\/ -->\n<title>VECTOR AERO - Turbofresh<\/title>\n<meta name=\"robots\" content=\"index, follow, max-snippet:-1, max-image-preview:large, max-video-preview:-1\" \/>\n<link rel=\"canonical\" href=\"https:\/\/turbofreshlatam.com\/en\/product\/vector-aero\/\" \/>\n<meta property=\"og:locale\" content=\"en_US\" \/>\n<meta property=\"og:type\" content=\"article\" \/>\n<meta property=\"og:title\" content=\"VECTOR AERO\" \/>\n<meta property=\"og:description\" content=\"AERO - Abanico Port\u00e1til  Un revolucionario sistema de refrigeraci\u00f3n evaporativa dise\u00f1ado para ofrecer un potente rendimiento, una movilidad inteligente y un confort sin esfuerzo.  Tanto para enfriar un espacio al aire libre, el patio de un restaurante o un local de alto nivel, Aero ofrece innovaci\u00f3n en el flujo de aire.\" \/>\n<meta property=\"og:url\" content=\"https:\/\/turbofreshlatam.com\/en\/product\/vector-aero\/\" \/>\n<meta property=\"og:site_name\" content=\"Turbofresh\" \/>\n<meta property=\"article:publisher\" content=\"https:\/\/www.facebook.com\/people\/TurboFresh-Latam\/pfbid0ajaDMQgnm7ud7M1HECvSm67SoYW1HvhB8BVRgvFzrVgyr7mDC36xgXYRfCRwRE5tl\/?ref=xav_ig_profile_web\" \/>\n<meta property=\"article:modified_time\" content=\"2025-07-01T00:11:34+00:00\" \/>\n<meta property=\"og:image\" content=\"https:\/\/turbofreshlatam.com\/wp-content\/uploads\/2025\/06\/1.-Foto-Principal.webp\" \/>\n\t<meta property=\"og:image:width\" content=\"710\" \/>\n\t<meta property=\"og:image:height\" content=\"771\" \/>\n\t<meta property=\"og:image:type\" content=\"image\/webp\" \/>\n<meta name=\"twitter:card\" content=\"summary_large_image\" \/>\n<meta name=\"twitter:label1\" content=\"Est. reading time\" \/>\n\t<meta name=\"twitter:data1\" content=\"2 minutes\" \/>\n<script type=\"application\/ld+json\" class=\"yoast-schema-graph\">{\"@context\":\"https:\\\/\\\/schema.org\",\"@graph\":[{\"@type\":\"WebPage\",\"@id\":\"https:\\\/\\\/turbofreshlatam.com\\\/product\\\/vector-aero\\\/\",\"url\":\"https:\\\/\\\/turbofreshlatam.com\\\/product\\\/vector-aero\\\/\",\"name\":\"VECTOR AERO - Turbofresh\",\"isPartOf\":{\"@id\":\"https:\\\/\\\/usp.rxn.temporary.site\\\/website_374bb836\\\/#website\"},\"primaryImageOfPage\":{\"@id\":\"https:\\\/\\\/turbofreshlatam.com\\\/product\\\/vector-aero\\\/#primaryimage\"},\"image\":{\"@id\":\"https:\\\/\\\/turbofreshlatam.com\\\/product\\\/vector-aero\\\/#primaryimage\"},\"thumbnailUrl\":\"https:\\\/\\\/i0.wp.com\\\/turbofreshlatam.com\\\/wp-content\\\/uploads\\\/2025\\\/06\\\/1.-Foto-Principal.webp?fit=710%2C771&ssl=1\",\"datePublished\":\"2025-06-30T23:53:03+00:00\",\"dateModified\":\"2025-07-01T00:11:34+00:00\",\"breadcrumb\":{\"@id\":\"https:\\\/\\\/turbofreshlatam.com\\\/product\\\/vector-aero\\\/#breadcrumb\"},\"inLanguage\":\"en-US\",\"potentialAction\":[{\"@type\":\"ReadAction\",\"target\":[\"https:\\\/\\\/turbofreshlatam.com\\\/product\\\/vector-aero\\\/\"]}]},{\"@type\":\"ImageObject\",\"inLanguage\":\"en-US\",\"@id\":\"https:\\\/\\\/turbofreshlatam.com\\\/product\\\/vector-aero\\\/#primaryimage\",\"url\":\"https:\\\/\\\/i0.wp.com\\\/turbofreshlatam.com\\\/wp-content\\\/uploads\\\/2025\\\/06\\\/1.-Foto-Principal.webp?fit=710%2C771&ssl=1\",\"contentUrl\":\"https:\\\/\\\/i0.wp.com\\\/turbofreshlatam.com\\\/wp-content\\\/uploads\\\/2025\\\/06\\\/1.-Foto-Principal.webp?fit=710%2C771&ssl=1\",\"width\":710,\"height\":771},{\"@type\":\"BreadcrumbList\",\"@id\":\"https:\\\/\\\/turbofreshlatam.com\\\/product\\\/vector-aero\\\/#breadcrumb\",\"itemListElement\":[{\"@type\":\"ListItem\",\"position\":1,\"name\":\"Home\",\"item\":\"https:\\\/\\\/turbofreshlatam.com\\\/\"},{\"@type\":\"ListItem\",\"position\":2,\"name\":\"Shop\",\"item\":\"https:\\\/\\\/turbofreshlatam.com\\\/?page_id=1249\"},{\"@type\":\"ListItem\",\"position\":3,\"name\":\"VECTOR AERO\"}]},{\"@type\":\"WebSite\",\"@id\":\"https:\\\/\\\/usp.rxn.temporary.site\\\/website_374bb836\\\/#website\",\"url\":\"https:\\\/\\\/usp.rxn.temporary.site\\\/website_374bb836\\\/\",\"name\":\"Turbofresh\",\"description\":\"\",\"publisher\":{\"@id\":\"https:\\\/\\\/usp.rxn.temporary.site\\\/website_374bb836\\\/#organization\"},\"potentialAction\":[{\"@type\":\"SearchAction\",\"target\":{\"@type\":\"EntryPoint\",\"urlTemplate\":\"https:\\\/\\\/usp.rxn.temporary.site\\\/website_374bb836\\\/?s={search_term_string}\"},\"query-input\":{\"@type\":\"PropertyValueSpecification\",\"valueRequired\":true,\"valueName\":\"search_term_string\"}}],\"inLanguage\":\"en-US\"},{\"@type\":\"Organization\",\"@id\":\"https:\\\/\\\/usp.rxn.temporary.site\\\/website_374bb836\\\/#organization\",\"name\":\"Turbofresh\",\"url\":\"https:\\\/\\\/usp.rxn.temporary.site\\\/website_374bb836\\\/\",\"logo\":{\"@type\":\"ImageObject\",\"inLanguage\":\"en-US\",\"@id\":\"https:\\\/\\\/usp.rxn.temporary.site\\\/website_374bb836\\\/#\\\/schema\\\/logo\\\/image\\\/\",\"url\":\"https:\\\/\\\/turbofreshlatam.com\\\/wp-content\\\/uploads\\\/2024\\\/08\\\/turbofreshlogo.webp\",\"contentUrl\":\"https:\\\/\\\/turbofreshlatam.com\\\/wp-content\\\/uploads\\\/2024\\\/08\\\/turbofreshlogo.webp\",\"width\":470,\"height\":110,\"caption\":\"Turbofresh\"},\"image\":{\"@id\":\"https:\\\/\\\/usp.rxn.temporary.site\\\/website_374bb836\\\/#\\\/schema\\\/logo\\\/image\\\/\"},\"sameAs\":[\"https:\\\/\\\/www.facebook.com\\\/people\\\/TurboFresh-Latam\\\/pfbid0ajaDMQgnm7ud7M1HECvSm67SoYW1HvhB8BVRgvFzrVgyr7mDC36xgXYRfCRwRE5tl\\\/?ref=xav_ig_profile_web\",\"https:\\\/\\\/www.instagram.com\\\/turbofreshlatam\\\/?hl=es\"]}]}<\/script>\n<!-- \/ Yoast SEO Premium plugin. -->","yoast_head_json":{"title":"VECTOR AERO - Turbofresh","robots":{"index":"index","follow":"follow","max-snippet":"max-snippet:-1","max-image-preview":"max-image-preview:large","max-video-preview":"max-video-preview:-1"},"canonical":"https:\/\/turbofreshlatam.com\/en\/product\/vector-aero\/","og_locale":"en_US","og_type":"article","og_title":"VECTOR AERO","og_description":"AERO - Abanico Port\u00e1til  Un revolucionario sistema de refrigeraci\u00f3n evaporativa dise\u00f1ado para ofrecer un potente rendimiento, una movilidad inteligente y un confort sin esfuerzo.  Tanto para enfriar un espacio al aire libre, el patio de un restaurante o un local de alto nivel, Aero ofrece innovaci\u00f3n en el flujo de aire.","og_url":"https:\/\/turbofreshlatam.com\/en\/product\/vector-aero\/","og_site_name":"Turbofresh","article_publisher":"https:\/\/www.facebook.com\/people\/TurboFresh-Latam\/pfbid0ajaDMQgnm7ud7M1HECvSm67SoYW1HvhB8BVRgvFzrVgyr7mDC36xgXYRfCRwRE5tl\/?ref=xav_ig_profile_web","article_modified_time":"2025-07-01T00:11:34+00:00","og_image":[{"width":710,"height":771,"url":"https:\/\/turbofreshlatam.com\/wp-content\/uploads\/2025\/06\/1.-Foto-Principal.webp","type":"image\/webp"}],"twitter_card":"summary_large_image","twitter_misc":{"Est. reading time":"2 minutes"},"schema":{"@context":"https:\/\/schema.org","@graph":[{"@type":"WebPage","@id":"https:\/\/turbofreshlatam.com\/product\/vector-aero\/","url":"https:\/\/turbofreshlatam.com\/product\/vector-aero\/","name":"VECTOR AERO - Turbofresh","isPartOf":{"@id":"https:\/\/usp.rxn.temporary.site\/website_374bb836\/#website"},"primaryImageOfPage":{"@id":"https:\/\/turbofreshlatam.com\/product\/vector-aero\/#primaryimage"},"image":{"@id":"https:\/\/turbofreshlatam.com\/product\/vector-aero\/#primaryimage"},"thumbnailUrl":"https:\/\/i0.wp.com\/turbofreshlatam.com\/wp-content\/uploads\/2025\/06\/1.-Foto-Principal.webp?fit=710%2C771&ssl=1","datePublished":"2025-06-30T23:53:03+00:00","dateModified":"2025-07-01T00:11:34+00:00","breadcrumb":{"@id":"https:\/\/turbofreshlatam.com\/product\/vector-aero\/#breadcrumb"},"inLanguage":"en-US","potentialAction":[{"@type":"ReadAction","target":["https:\/\/turbofreshlatam.com\/product\/vector-aero\/"]}]},{"@type":"ImageObject","inLanguage":"en-US","@id":"https:\/\/turbofreshlatam.com\/product\/vector-aero\/#primaryimage","url":"https:\/\/i0.wp.com\/turbofreshlatam.com\/wp-content\/uploads\/2025\/06\/1.-Foto-Principal.webp?fit=710%2C771&ssl=1","contentUrl":"https:\/\/i0.wp.com\/turbofreshlatam.com\/wp-content\/uploads\/2025\/06\/1.-Foto-Principal.webp?fit=710%2C771&ssl=1","width":710,"height":771},{"@type":"BreadcrumbList","@id":"https:\/\/turbofreshlatam.com\/product\/vector-aero\/#breadcrumb","itemListElement":[{"@type":"ListItem","position":1,"name":"Home","item":"https:\/\/turbofreshlatam.com\/"},{"@type":"ListItem","position":2,"name":"Shop","item":"https:\/\/turbofreshlatam.com\/?page_id=1249"},{"@type":"ListItem","position":3,"name":"VECTOR AERO"}]},{"@type":"WebSite","@id":"https:\/\/usp.rxn.temporary.site\/website_374bb836\/#website","url":"https:\/\/usp.rxn.temporary.site\/website_374bb836\/","name":"Turbofresh","description":"","publisher":{"@id":"https:\/\/usp.rxn.temporary.site\/website_374bb836\/#organization"},"potentialAction":[{"@type":"SearchAction","target":{"@type":"EntryPoint","urlTemplate":"https:\/\/usp.rxn.temporary.site\/website_374bb836\/?s={search_term_string}"},"query-input":{"@type":"PropertyValueSpecification","valueRequired":true,"valueName":"search_term_string"}}],"inLanguage":"en-US"},{"@type":"Organization","@id":"https:\/\/usp.rxn.temporary.site\/website_374bb836\/#organization","name":"Turbofresh","url":"https:\/\/usp.rxn.temporary.site\/website_374bb836\/","logo":{"@type":"ImageObject","inLanguage":"en-US","@id":"https:\/\/usp.rxn.temporary.site\/website_374bb836\/#\/schema\/logo\/image\/","url":"https:\/\/turbofreshlatam.com\/wp-content\/uploads\/2024\/08\/turbofreshlogo.webp","contentUrl":"https:\/\/turbofreshlatam.com\/wp-content\/uploads\/2024\/08\/turbofreshlogo.webp","width":470,"height":110,"caption":"Turbofresh"},"image":{"@id":"https:\/\/usp.rxn.temporary.site\/website_374bb836\/#\/schema\/logo\/image\/"},"sameAs":["https:\/\/www.facebook.com\/people\/TurboFresh-Latam\/pfbid0ajaDMQgnm7ud7M1HECvSm67SoYW1HvhB8BVRgvFzrVgyr7mDC36xgXYRfCRwRE5tl\/?ref=xav_ig_profile_web","https:\/\/www.instagram.com\/turbofreshlatam\/?hl=es"]}]}},"jetpack_sharing_enabled":true,"_links":{"self":[{"href":"https:\/\/turbofreshlatam.com\/en\/wp-json\/wp\/v2\/product\/10331","targetHints":{"allow":["GET"]}}],"collection":[{"href":"https:\/\/turbofreshlatam.com\/en\/wp-json\/wp\/v2\/product"}],"about":[{"href":"https:\/\/turbofreshlatam.com\/en\/wp-json\/wp\/v2\/types\/product"}],"wp:featuredmedia":[{"embeddable":true,"href":"https:\/\/turbofreshlatam.com\/en\/wp-json\/wp\/v2\/media\/10336"}],"wp:attachment":[{"href":"https:\/\/turbofreshlatam.com\/en\/wp-json\/wp\/v2\/media?parent=10331"}],"wp:term":[{"taxonomy":"product_brand","embeddable":true,"href":"https:\/\/turbofreshlatam.com\/en\/wp-json\/wp\/v2\/product_brand?post=10331"},{"taxonomy":"product_cat","embeddable":true,"href":"https:\/\/turbofreshlatam.com\/en\/wp-json\/wp\/v2\/product_cat?post=10331"},{"taxonomy":"product_tag","embeddable":true,"href":"https:\/\/turbofreshlatam.com\/en\/wp-json\/wp\/v2\/product_tag?post=10331"}],"curies":[{"name":"wp","href":"https:\/\/api.w.org\/{rel}","templated":true}]}}