{"id":9876,"date":"2024-08-03T20:58:50","date_gmt":"2024-08-03T20:58:50","guid":{"rendered":"https:\/\/turbofreshlatam.com\/?post_type=product&#038;p=9876"},"modified":"2024-08-07T01:02:01","modified_gmt":"2024-08-07T01:02:01","slug":"spartan","status":"publish","type":"product","link":"https:\/\/turbofreshlatam.com\/en\/product\/spartan\/","title":{"rendered":"SPARTAN"},"content":{"rendered":"<p><b style=\"color: #79bce0;\"><i>Changing the way the world views portable evaporative cooling.<\/i><\/b><\/p>\n<p><b style=\"color: #79bce0;\"><i>Smart evaporative cooling with air filtration.<\/i><\/b><\/p>\n<p><span style=\"font-weight: 400;\">Combat extreme temperatures and trap up to 98% of airborne allergens, pollutants and viruses with Spartan, a revolutionary mobile evaporative cooling system that is truly in a class of its own.<\/span><\/p>\n<p><b style=\"color: #79bce0;\"><i>High performance airflow + EcoDry technology<\/i><\/b><\/p>\n<p><span style=\"font-weight: 400;\">Spartan\u2019s state-of-the-art fan technology quietly produces a gentle, powerful stream of air that can cool up to 25\u00b0. Cover a wide area with adjustable oscillation speeds or connect flexible ducting for added versatility.<\/span><\/p>\n<p><span style=\"font-weight: 400;\">When you are finished using the system, Spartan's AutoDry technology operates at low power to ensure the evaporative media is dry and prevent harmful buildup.<\/span><\/p>\n<p><b style=\"color: #79bce0;\"><i>The world's most durable portable evaporative cooler<\/i><\/b><\/p>\n<p><span style=\"font-weight: 400;\">\u2013 Robust and impact-resistant design<\/span><\/p>\n<p><span style=\"font-weight: 400;\">\u2013 Designed for 24\/7 outdoor storage<\/span><\/p>\n<p><span style=\"font-weight: 400;\">\u2013 Sealed to protect from rain and dust<\/span><\/p>\n<p><span style=\"font-weight: 400;\">\u2013 Protected against rust and discoloration<\/span><\/p>\n<p><b style=\"color: #79bce0;\"><i>Connect flexible ducts for unprecedented versatility.<\/i><\/b><\/p>\n<p><b style=\"color: #79bce0;\"><i>Integrated forklift slots for quick and effortless deployment.<\/i><\/b><\/p>\n<p><b style=\"color: #79bce0;\"><i>Smart LED alerts.<\/i><\/b><\/p>\n<p><span style=\"font-weight: 400;\">Spartan\u2019s LED indicator displays notifications about system status and doubles as a customizable mood light. If Spartan needs water or additional care, the LED indicator will display a subtle alert.<\/span><\/p>\n<p><b style=\"color: #79bce0;\"><i>When modern technology meets evaporative cooling.<\/i><\/b><\/p>\n<p><span style=\"font-weight: 400;\">Spartan\u2019s onboard computer system constantly monitors the environment. Once the system detects that the maximum cooling level has been reached, it automatically adjusts water usage to save energy and preserve the life of the evaporative media.<\/span><\/p>\n<p><b style=\"color: #79bce0;\"><i>Quick and easy maintenance<\/i><\/b><\/p>\n<p><span style=\"font-weight: 400;\">Spartan's particulate filter is located between the evaporative media and the water tank. This feature dramatically reduces the time required for cleaning while protecting the water pump to increase its longevity.<\/span><\/p>\n<p><span style=\"font-weight: 400;\">The modular design of the system makes periodic maintenance easy. As a result, Spartan will require significantly less time and money to maintain over the long term than other systems on the market.<\/span><\/p>","protected":false},"excerpt":{"rendered":"<p><span style=\"font-weight: 400;\">Spartan's intelligent cooling core uses the natural process of evaporation with industry-first technology for a clean, fresh air environment.<\/span><\/p>\n<p><span style=\"font-weight: 400;\">We have incorporated smart internal filtration sensors and HEPA filtration to increase system longevity, evaporative media cleanliness, and to ensure maximum air quality.<\/span><\/p>\n<p><img loading=\"lazy\" decoding=\"async\" class=\"alignnone wp-image-9885 size-large\" src=\"\/wp-content\/uploads\/2024\/08\/pixelcut-export-1-1300x236.png\" alt=\"icons-spartan\" width=\"1300\" height=\"236\" srcset=\"https:\/\/i0.wp.com\/turbofreshlatam.com\/wp-content\/uploads\/2024\/08\/pixelcut-export-1.png?resize=1300%2C236&amp;ssl=1 1300w, https:\/\/i0.wp.com\/turbofreshlatam.com\/wp-content\/uploads\/2024\/08\/pixelcut-export-1.png?resize=400%2C72&amp;ssl=1 400w, https:\/\/i0.wp.com\/turbofreshlatam.com\/wp-content\/uploads\/2024\/08\/pixelcut-export-1.png?resize=768%2C139&amp;ssl=1 768w, https:\/\/i0.wp.com\/turbofreshlatam.com\/wp-content\/uploads\/2024\/08\/pixelcut-export-1.png?resize=1536%2C278&amp;ssl=1 1536w, https:\/\/i0.wp.com\/turbofreshlatam.com\/wp-content\/uploads\/2024\/08\/pixelcut-export-1.png?resize=2048%2C371&amp;ssl=1 2048w, https:\/\/i0.wp.com\/turbofreshlatam.com\/wp-content\/uploads\/2024\/08\/pixelcut-export-1.png?resize=430%2C78&amp;ssl=1 430w, https:\/\/i0.wp.com\/turbofreshlatam.com\/wp-content\/uploads\/2024\/08\/pixelcut-export-1.png?resize=700%2C127&amp;ssl=1 700w, https:\/\/i0.wp.com\/turbofreshlatam.com\/wp-content\/uploads\/2024\/08\/pixelcut-export-1.png?resize=150%2C27&amp;ssl=1 150w, https:\/\/i0.wp.com\/turbofreshlatam.com\/wp-content\/uploads\/2024\/08\/pixelcut-export-1.png?w=3000&amp;ssl=1 3000w\" sizes=\"auto, (max-width: 1300px) 100vw, 1300px\" \/><\/p>","protected":false},"featured_media":9939,"template":"","meta":{"nf_dc_page":""},"product_brand":[],"product_cat":[50],"product_tag":[73,75,74,71,72],"class_list":{"0":"post-9876","1":"product","2":"type-product","3":"status-publish","4":"has-post-thumbnail","6":"product_cat-vector","7":"product_tag-abanico","8":"product_tag-abanico-portatil","9":"product_tag-portatil","10":"product_tag-vector","11":"product_tag-vector-climate","13":"first","14":"instock","15":"shipping-taxable","16":"product-type-external"},"yoast_head":"<!-- This site is optimized with the Yoast SEO Premium plugin v23.7 (Yoast SEO v27.4) - https:\/\/yoast.com\/product\/yoast-seo-premium-wordpress\/ -->\n<title>SPARTAN - Turbofresh<\/title>\n<meta name=\"robots\" content=\"index, follow, max-snippet:-1, max-image-preview:large, max-video-preview:-1\" \/>\n<link rel=\"canonical\" href=\"https:\/\/turbofreshlatam.com\/en\/product\/spartan\/\" \/>\n<meta property=\"og:locale\" content=\"en_US\" \/>\n<meta property=\"og:type\" content=\"article\" \/>\n<meta property=\"og:title\" content=\"SPARTAN\" \/>\n<meta property=\"og:description\" content=\"El n\u00facleo de refrigeraci\u00f3n inteligente de Spartan utiliza el proceso natural de evaporaci\u00f3n con la primera tecnolog\u00eda del sector para entorno con aire limpio y fresco.  Hemos incorporado sensores inteligentes filtraci\u00f3n interna y filtraci\u00f3n HEPA para aumentar la longevidad del sistema, la limpieza de los medios evaporativos, y para garantizar la m\u00e1xima calidad del aire.\" \/>\n<meta property=\"og:url\" content=\"https:\/\/turbofreshlatam.com\/en\/product\/spartan\/\" \/>\n<meta property=\"og:site_name\" content=\"Turbofresh\" \/>\n<meta property=\"article:publisher\" content=\"https:\/\/www.facebook.com\/people\/TurboFresh-Latam\/pfbid0ajaDMQgnm7ud7M1HECvSm67SoYW1HvhB8BVRgvFzrVgyr7mDC36xgXYRfCRwRE5tl\/?ref=xav_ig_profile_web\" \/>\n<meta property=\"article:modified_time\" content=\"2024-08-07T01:02:01+00:00\" \/>\n<meta property=\"og:image\" content=\"https:\/\/turbofreshlatam.com\/wp-content\/uploads\/2024\/08\/SPARTAN.webp\" \/>\n\t<meta property=\"og:image:width\" content=\"709\" \/>\n\t<meta property=\"og:image:height\" content=\"769\" \/>\n\t<meta property=\"og:image:type\" content=\"image\/webp\" \/>\n<meta name=\"twitter:card\" content=\"summary_large_image\" \/>\n<meta name=\"twitter:label1\" content=\"Est. reading time\" \/>\n\t<meta name=\"twitter:data1\" content=\"2 minutes\" \/>\n<script type=\"application\/ld+json\" class=\"yoast-schema-graph\">{\"@context\":\"https:\\\/\\\/schema.org\",\"@graph\":[{\"@type\":\"WebPage\",\"@id\":\"https:\\\/\\\/turbofreshlatam.com\\\/product\\\/spartan\\\/\",\"url\":\"https:\\\/\\\/turbofreshlatam.com\\\/product\\\/spartan\\\/\",\"name\":\"SPARTAN - Turbofresh\",\"isPartOf\":{\"@id\":\"https:\\\/\\\/usp.rxn.temporary.site\\\/website_374bb836\\\/#website\"},\"primaryImageOfPage\":{\"@id\":\"https:\\\/\\\/turbofreshlatam.com\\\/product\\\/spartan\\\/#primaryimage\"},\"image\":{\"@id\":\"https:\\\/\\\/turbofreshlatam.com\\\/product\\\/spartan\\\/#primaryimage\"},\"thumbnailUrl\":\"https:\\\/\\\/i0.wp.com\\\/turbofreshlatam.com\\\/wp-content\\\/uploads\\\/2024\\\/08\\\/SPARTAN.webp?fit=709%2C769&ssl=1\",\"datePublished\":\"2024-08-03T20:58:50+00:00\",\"dateModified\":\"2024-08-07T01:02:01+00:00\",\"breadcrumb\":{\"@id\":\"https:\\\/\\\/turbofreshlatam.com\\\/product\\\/spartan\\\/#breadcrumb\"},\"inLanguage\":\"en-US\",\"potentialAction\":[{\"@type\":\"ReadAction\",\"target\":[\"https:\\\/\\\/turbofreshlatam.com\\\/product\\\/spartan\\\/\"]}]},{\"@type\":\"ImageObject\",\"inLanguage\":\"en-US\",\"@id\":\"https:\\\/\\\/turbofreshlatam.com\\\/product\\\/spartan\\\/#primaryimage\",\"url\":\"https:\\\/\\\/i0.wp.com\\\/turbofreshlatam.com\\\/wp-content\\\/uploads\\\/2024\\\/08\\\/SPARTAN.webp?fit=709%2C769&ssl=1\",\"contentUrl\":\"https:\\\/\\\/i0.wp.com\\\/turbofreshlatam.com\\\/wp-content\\\/uploads\\\/2024\\\/08\\\/SPARTAN.webp?fit=709%2C769&ssl=1\",\"width\":709,\"height\":769},{\"@type\":\"BreadcrumbList\",\"@id\":\"https:\\\/\\\/turbofreshlatam.com\\\/product\\\/spartan\\\/#breadcrumb\",\"itemListElement\":[{\"@type\":\"ListItem\",\"position\":1,\"name\":\"Home\",\"item\":\"https:\\\/\\\/turbofreshlatam.com\\\/\"},{\"@type\":\"ListItem\",\"position\":2,\"name\":\"Shop\",\"item\":\"https:\\\/\\\/turbofreshlatam.com\\\/?page_id=1249\"},{\"@type\":\"ListItem\",\"position\":3,\"name\":\"SPARTAN\"}]},{\"@type\":\"WebSite\",\"@id\":\"https:\\\/\\\/usp.rxn.temporary.site\\\/website_374bb836\\\/#website\",\"url\":\"https:\\\/\\\/usp.rxn.temporary.site\\\/website_374bb836\\\/\",\"name\":\"Turbofresh\",\"description\":\"\",\"publisher\":{\"@id\":\"https:\\\/\\\/usp.rxn.temporary.site\\\/website_374bb836\\\/#organization\"},\"potentialAction\":[{\"@type\":\"SearchAction\",\"target\":{\"@type\":\"EntryPoint\",\"urlTemplate\":\"https:\\\/\\\/usp.rxn.temporary.site\\\/website_374bb836\\\/?s={search_term_string}\"},\"query-input\":{\"@type\":\"PropertyValueSpecification\",\"valueRequired\":true,\"valueName\":\"search_term_string\"}}],\"inLanguage\":\"en-US\"},{\"@type\":\"Organization\",\"@id\":\"https:\\\/\\\/usp.rxn.temporary.site\\\/website_374bb836\\\/#organization\",\"name\":\"Turbofresh\",\"url\":\"https:\\\/\\\/usp.rxn.temporary.site\\\/website_374bb836\\\/\",\"logo\":{\"@type\":\"ImageObject\",\"inLanguage\":\"en-US\",\"@id\":\"https:\\\/\\\/usp.rxn.temporary.site\\\/website_374bb836\\\/#\\\/schema\\\/logo\\\/image\\\/\",\"url\":\"https:\\\/\\\/turbofreshlatam.com\\\/wp-content\\\/uploads\\\/2024\\\/08\\\/turbofreshlogo.webp\",\"contentUrl\":\"https:\\\/\\\/turbofreshlatam.com\\\/wp-content\\\/uploads\\\/2024\\\/08\\\/turbofreshlogo.webp\",\"width\":470,\"height\":110,\"caption\":\"Turbofresh\"},\"image\":{\"@id\":\"https:\\\/\\\/usp.rxn.temporary.site\\\/website_374bb836\\\/#\\\/schema\\\/logo\\\/image\\\/\"},\"sameAs\":[\"https:\\\/\\\/www.facebook.com\\\/people\\\/TurboFresh-Latam\\\/pfbid0ajaDMQgnm7ud7M1HECvSm67SoYW1HvhB8BVRgvFzrVgyr7mDC36xgXYRfCRwRE5tl\\\/?ref=xav_ig_profile_web\",\"https:\\\/\\\/www.instagram.com\\\/turbofreshlatam\\\/?hl=es\"]}]}<\/script>\n<!-- \/ Yoast SEO Premium plugin. -->","yoast_head_json":{"title":"SPARTAN - Turbofresh","robots":{"index":"index","follow":"follow","max-snippet":"max-snippet:-1","max-image-preview":"max-image-preview:large","max-video-preview":"max-video-preview:-1"},"canonical":"https:\/\/turbofreshlatam.com\/en\/product\/spartan\/","og_locale":"en_US","og_type":"article","og_title":"SPARTAN","og_description":"El n\u00facleo de refrigeraci\u00f3n inteligente de Spartan utiliza el proceso natural de evaporaci\u00f3n con la primera tecnolog\u00eda del sector para entorno con aire limpio y fresco.  Hemos incorporado sensores inteligentes filtraci\u00f3n interna y filtraci\u00f3n HEPA para aumentar la longevidad del sistema, la limpieza de los medios evaporativos, y para garantizar la m\u00e1xima calidad del aire.","og_url":"https:\/\/turbofreshlatam.com\/en\/product\/spartan\/","og_site_name":"Turbofresh","article_publisher":"https:\/\/www.facebook.com\/people\/TurboFresh-Latam\/pfbid0ajaDMQgnm7ud7M1HECvSm67SoYW1HvhB8BVRgvFzrVgyr7mDC36xgXYRfCRwRE5tl\/?ref=xav_ig_profile_web","article_modified_time":"2024-08-07T01:02:01+00:00","og_image":[{"width":709,"height":769,"url":"https:\/\/turbofreshlatam.com\/wp-content\/uploads\/2024\/08\/SPARTAN.webp","type":"image\/webp"}],"twitter_card":"summary_large_image","twitter_misc":{"Est. reading time":"2 minutes"},"schema":{"@context":"https:\/\/schema.org","@graph":[{"@type":"WebPage","@id":"https:\/\/turbofreshlatam.com\/product\/spartan\/","url":"https:\/\/turbofreshlatam.com\/product\/spartan\/","name":"SPARTAN - Turbofresh","isPartOf":{"@id":"https:\/\/usp.rxn.temporary.site\/website_374bb836\/#website"},"primaryImageOfPage":{"@id":"https:\/\/turbofreshlatam.com\/product\/spartan\/#primaryimage"},"image":{"@id":"https:\/\/turbofreshlatam.com\/product\/spartan\/#primaryimage"},"thumbnailUrl":"https:\/\/i0.wp.com\/turbofreshlatam.com\/wp-content\/uploads\/2024\/08\/SPARTAN.webp?fit=709%2C769&ssl=1","datePublished":"2024-08-03T20:58:50+00:00","dateModified":"2024-08-07T01:02:01+00:00","breadcrumb":{"@id":"https:\/\/turbofreshlatam.com\/product\/spartan\/#breadcrumb"},"inLanguage":"en-US","potentialAction":[{"@type":"ReadAction","target":["https:\/\/turbofreshlatam.com\/product\/spartan\/"]}]},{"@type":"ImageObject","inLanguage":"en-US","@id":"https:\/\/turbofreshlatam.com\/product\/spartan\/#primaryimage","url":"https:\/\/i0.wp.com\/turbofreshlatam.com\/wp-content\/uploads\/2024\/08\/SPARTAN.webp?fit=709%2C769&ssl=1","contentUrl":"https:\/\/i0.wp.com\/turbofreshlatam.com\/wp-content\/uploads\/2024\/08\/SPARTAN.webp?fit=709%2C769&ssl=1","width":709,"height":769},{"@type":"BreadcrumbList","@id":"https:\/\/turbofreshlatam.com\/product\/spartan\/#breadcrumb","itemListElement":[{"@type":"ListItem","position":1,"name":"Home","item":"https:\/\/turbofreshlatam.com\/"},{"@type":"ListItem","position":2,"name":"Shop","item":"https:\/\/turbofreshlatam.com\/?page_id=1249"},{"@type":"ListItem","position":3,"name":"SPARTAN"}]},{"@type":"WebSite","@id":"https:\/\/usp.rxn.temporary.site\/website_374bb836\/#website","url":"https:\/\/usp.rxn.temporary.site\/website_374bb836\/","name":"Turbofresh","description":"","publisher":{"@id":"https:\/\/usp.rxn.temporary.site\/website_374bb836\/#organization"},"potentialAction":[{"@type":"SearchAction","target":{"@type":"EntryPoint","urlTemplate":"https:\/\/usp.rxn.temporary.site\/website_374bb836\/?s={search_term_string}"},"query-input":{"@type":"PropertyValueSpecification","valueRequired":true,"valueName":"search_term_string"}}],"inLanguage":"en-US"},{"@type":"Organization","@id":"https:\/\/usp.rxn.temporary.site\/website_374bb836\/#organization","name":"Turbofresh","url":"https:\/\/usp.rxn.temporary.site\/website_374bb836\/","logo":{"@type":"ImageObject","inLanguage":"en-US","@id":"https:\/\/usp.rxn.temporary.site\/website_374bb836\/#\/schema\/logo\/image\/","url":"https:\/\/turbofreshlatam.com\/wp-content\/uploads\/2024\/08\/turbofreshlogo.webp","contentUrl":"https:\/\/turbofreshlatam.com\/wp-content\/uploads\/2024\/08\/turbofreshlogo.webp","width":470,"height":110,"caption":"Turbofresh"},"image":{"@id":"https:\/\/usp.rxn.temporary.site\/website_374bb836\/#\/schema\/logo\/image\/"},"sameAs":["https:\/\/www.facebook.com\/people\/TurboFresh-Latam\/pfbid0ajaDMQgnm7ud7M1HECvSm67SoYW1HvhB8BVRgvFzrVgyr7mDC36xgXYRfCRwRE5tl\/?ref=xav_ig_profile_web","https:\/\/www.instagram.com\/turbofreshlatam\/?hl=es"]}]}},"jetpack_sharing_enabled":true,"_links":{"self":[{"href":"https:\/\/turbofreshlatam.com\/en\/wp-json\/wp\/v2\/product\/9876","targetHints":{"allow":["GET"]}}],"collection":[{"href":"https:\/\/turbofreshlatam.com\/en\/wp-json\/wp\/v2\/product"}],"about":[{"href":"https:\/\/turbofreshlatam.com\/en\/wp-json\/wp\/v2\/types\/product"}],"wp:featuredmedia":[{"embeddable":true,"href":"https:\/\/turbofreshlatam.com\/en\/wp-json\/wp\/v2\/media\/9939"}],"wp:attachment":[{"href":"https:\/\/turbofreshlatam.com\/en\/wp-json\/wp\/v2\/media?parent=9876"}],"wp:term":[{"taxonomy":"product_brand","embeddable":true,"href":"https:\/\/turbofreshlatam.com\/en\/wp-json\/wp\/v2\/product_brand?post=9876"},{"taxonomy":"product_cat","embeddable":true,"href":"https:\/\/turbofreshlatam.com\/en\/wp-json\/wp\/v2\/product_cat?post=9876"},{"taxonomy":"product_tag","embeddable":true,"href":"https:\/\/turbofreshlatam.com\/en\/wp-json\/wp\/v2\/product_tag?post=9876"}],"curies":[{"name":"wp","href":"https:\/\/api.w.org\/{rel}","templated":true}]}}