{"id":9897,"date":"2024-08-06T23:03:58","date_gmt":"2024-08-06T23:03:58","guid":{"rendered":"https:\/\/turbofreshlatam.com\/?post_type=product&#038;p=9897"},"modified":"2024-08-06T23:48:47","modified_gmt":"2024-08-06T23:48:47","slug":"eurus","status":"publish","type":"product","link":"https:\/\/turbofreshlatam.com\/en\/product\/eurus\/","title":{"rendered":"EURUS III"},"content":{"rendered":"<p><span style=\"font-weight: 400;\">Built from high-strength materials such as forged steel and aircraft-grade aluminum, it ensures safety and durability. The fan features a unique bionic-inspired dovetail blade design that provides greater air volume, wider coverage, and enhanced safety. Additionally, the patented jacket connector and aerodynamic fin contribute to longevity, stability, and energy efficiency.<\/span><\/p>\n<p><span style=\"font-weight: 400;\">The control system, using Schneider electrical assemblies and a German-branded electrical cabinet, places emphasis on safety and security. PMSM motor technology sets EURUS III apart, providing a stable air volume that exceeds market standards by 30%, earning it praise for its performance and efficiency.<\/span><\/p>\n<p><b style=\"color: #faab23;\">Motor PMSM<\/b><\/p>\n<p><span style=\"font-weight: 400;\">EURUS III adopts PMSM (permanent magnet synchronous motor) technology, unique high-torque external rotor design, compared with the traditional asynchronous motor, eliminating the friction energy consumption of the gearbox, the maximum torque of 300N.m, while the biggest advantage is that it can output more stable air volume, making the full-load air volume of EURUS III reach 888000m\u00b3\/h, which exceeds the air volume of common products on the market by more than 30%, and has been highly praised by the market after it was launched.<\/span><\/p>\n<p><span style=\"font-weight: 400;\">Schneider electrical assemblies, with integrated safety protection module that automatically interrupts the output in the event of an accident. International brand control cabinet<\/span><span style=\"font-weight: 400;\">\uff08<\/span><span style=\"font-weight: 400;\">Danfoss &amp; Scheider<\/span><span style=\"font-weight: 400;\">\uff09<\/span><span style=\"font-weight: 400;\">, aprobado EMC por los certificados SGS y CCC, mientras tanto, ha pasado las pruebas anti-creeping que protege eficazmente las interferencias electromagn\u00e9ticas. Nivel de protecci\u00f3n es IP55, pasando UL, EMC, LVD, ROHS certificados.<\/span><\/p>\n<p><b style=\"color: #faab23;\">Dovetail fan blade<\/b><\/p>\n<p><span style=\"font-weight: 400;\">Advantage 1: Safety structure design<\/span><\/p>\n<p><span style=\"font-weight: 400;\">Advantage 2: Greater air volume and greater range<\/span><\/p>\n<p><span style=\"font-weight: 400;\">Advantage 3: Larger air layer The dovetail blade design is inspired by bionics and is the result of deep hydrodynamic optimization.<\/span><\/p>\n<p><b style=\"color: #faab23;\">Winglet Aerodynamics<\/b><\/p>\n<p><span style=\"font-weight: 400;\">This type of winglet is always seen on airplanes and in motorcycle racing, but it is not designed for beauty. At the end of the aerodynamic blade, swirls are formed as the airflow circulates. With winglet, this part of energy loss will be avoided, the fan will work steadily, which will bring economic effect.<\/span><\/p>\n<p><b style=\"color: #faab23;\">Applications<\/b><\/p>\n<p><span style=\"font-weight: 400;\">Warehouses: Improves air circulation for better inventory management and conservation.<\/span><\/p>\n<p><span style=\"font-weight: 400;\">Gyms: Maintains comfortable temperatures during physical activities for optimal performance.<\/span><\/p>\n<p><span style=\"font-weight: 400;\">Agricultural Barns: Manage airflow to create favorable conditions for livestock and crops. \uf06cRetail Spaces: Improve customer experience by regulating air circulation and maintaining a pleasant environment.<\/span><\/p>\n<p><span style=\"font-weight: 400;\">Exhibition halls: Control temperature and humidity to preserve exhibits.<\/span><\/p>\n<p><span style=\"font-weight: 400;\">Indoor sports halls: Ensures uniform air distribution, improving player comfort and performance.<\/span><\/p>\n<p><span style=\"font-weight: 400;\">Car repair shops: Regulates temperature to achieve ideal working conditions and long equipment life.<\/span><\/p>\n<p><span style=\"font-weight: 400;\">Manufacturing plants: Regulate temperatures for precise processes.<\/span><\/p>\n<p><span style=\"font-weight: 400;\">Food Processing Facilities: Control humidity to preserve product quality.<\/span><\/p>\n<p>&nbsp;<\/p>","protected":false},"excerpt":{"rendered":"<p><span style=\"font-weight: 400;\">The ceiling fan <strong>EURUS III HVLS<\/strong> It incorporates advanced PMSM technology (with a maximum diameter of 7.3 metres). With a focus on integral disciplines such as aerodynamics, transmission dynamics and PWM control, it circulates air efficiently, improving environmental comfort.<\/span><\/p>\n<p><img loading=\"lazy\" decoding=\"async\" class=\"alignnone wp-image-9902 size-full\" src=\"https:\/\/turbofreshlatam.com\/wp-content\/uploads\/2024\/08\/Iconos-Kale-scaled.webp\" alt=\"\" width=\"2560\" height=\"317\" srcset=\"https:\/\/i0.wp.com\/turbofreshlatam.com\/wp-content\/uploads\/2024\/08\/Iconos-Kale-scaled.webp?w=2560&amp;ssl=1 2560w, https:\/\/i0.wp.com\/turbofreshlatam.com\/wp-content\/uploads\/2024\/08\/Iconos-Kale-scaled.webp?resize=400%2C50&amp;ssl=1 400w, https:\/\/i0.wp.com\/turbofreshlatam.com\/wp-content\/uploads\/2024\/08\/Iconos-Kale-scaled.webp?resize=1300%2C161&amp;ssl=1 1300w, https:\/\/i0.wp.com\/turbofreshlatam.com\/wp-content\/uploads\/2024\/08\/Iconos-Kale-scaled.webp?resize=768%2C95&amp;ssl=1 768w, https:\/\/i0.wp.com\/turbofreshlatam.com\/wp-content\/uploads\/2024\/08\/Iconos-Kale-scaled.webp?resize=1536%2C190&amp;ssl=1 1536w, https:\/\/i0.wp.com\/turbofreshlatam.com\/wp-content\/uploads\/2024\/08\/Iconos-Kale-scaled.webp?resize=2048%2C254&amp;ssl=1 2048w, https:\/\/i0.wp.com\/turbofreshlatam.com\/wp-content\/uploads\/2024\/08\/Iconos-Kale-scaled.webp?resize=430%2C53&amp;ssl=1 430w, https:\/\/i0.wp.com\/turbofreshlatam.com\/wp-content\/uploads\/2024\/08\/Iconos-Kale-scaled.webp?resize=700%2C87&amp;ssl=1 700w, https:\/\/i0.wp.com\/turbofreshlatam.com\/wp-content\/uploads\/2024\/08\/Iconos-Kale-scaled.webp?resize=150%2C19&amp;ssl=1 150w\" sizes=\"auto, (max-width: 2560px) 100vw, 2560px\" \/><\/p>","protected":false},"featured_media":9898,"template":"","meta":{"nf_dc_page":""},"product_brand":[],"product_cat":[22],"product_tag":[85,84,82,83,86],"class_list":{"0":"post-9897","1":"product","2":"type-product","3":"status-publish","4":"has-post-thumbnail","6":"product_cat-kale-fans","7":"product_tag-aerodinamica","8":"product_tag-fans","9":"product_tag-kale","10":"product_tag-kale-fans","11":"product_tag-pwm","13":"first","14":"instock","15":"shipping-taxable","16":"product-type-external"},"yoast_head":"<!-- This site is optimized with the Yoast SEO Premium plugin v23.7 (Yoast SEO v27.5) - https:\/\/yoast.com\/product\/yoast-seo-premium-wordpress\/ -->\n<title>EURUS III - Turbofresh<\/title>\n<meta name=\"robots\" content=\"index, follow, max-snippet:-1, max-image-preview:large, max-video-preview:-1\" \/>\n<link rel=\"canonical\" href=\"https:\/\/turbofreshlatam.com\/en\/product\/eurus\/\" \/>\n<meta property=\"og:locale\" content=\"en_US\" \/>\n<meta property=\"og:type\" content=\"article\" \/>\n<meta property=\"og:title\" content=\"EURUS III\" \/>\n<meta property=\"og:description\" content=\"El ventilador de techo EURUS III HVLS incorpora una avanzada tecnolog\u00eda PMSM (con un di\u00e1metro m\u00e1ximo de 7,3 metros). Con un enfoque en disciplinas integrales como la aerodin\u00e1mica, la din\u00e1mica de transmisi\u00f3n y el control PWM, hace circular el aire de forma eficiente, mejorando el confort ambiental.\" \/>\n<meta property=\"og:url\" content=\"https:\/\/turbofreshlatam.com\/en\/product\/eurus\/\" \/>\n<meta property=\"og:site_name\" content=\"Turbofresh\" \/>\n<meta property=\"article:publisher\" content=\"https:\/\/www.facebook.com\/people\/TurboFresh-Latam\/pfbid0ajaDMQgnm7ud7M1HECvSm67SoYW1HvhB8BVRgvFzrVgyr7mDC36xgXYRfCRwRE5tl\/?ref=xav_ig_profile_web\" \/>\n<meta property=\"article:modified_time\" content=\"2024-08-06T23:48:47+00:00\" \/>\n<meta property=\"og:image\" content=\"https:\/\/turbofreshlatam.com\/wp-content\/uploads\/2024\/08\/eurus.webp\" \/>\n\t<meta property=\"og:image:width\" content=\"710\" \/>\n\t<meta property=\"og:image:height\" content=\"770\" \/>\n\t<meta property=\"og:image:type\" content=\"image\/webp\" \/>\n<meta name=\"twitter:card\" content=\"summary_large_image\" \/>\n<meta name=\"twitter:label1\" content=\"Est. reading time\" \/>\n\t<meta name=\"twitter:data1\" content=\"3 minutes\" \/>\n<script type=\"application\/ld+json\" class=\"yoast-schema-graph\">{\"@context\":\"https:\\\/\\\/schema.org\",\"@graph\":[{\"@type\":\"WebPage\",\"@id\":\"https:\\\/\\\/turbofreshlatam.com\\\/product\\\/eurus\\\/\",\"url\":\"https:\\\/\\\/turbofreshlatam.com\\\/product\\\/eurus\\\/\",\"name\":\"EURUS III - Turbofresh\",\"isPartOf\":{\"@id\":\"https:\\\/\\\/usp.rxn.temporary.site\\\/website_374bb836\\\/#website\"},\"primaryImageOfPage\":{\"@id\":\"https:\\\/\\\/turbofreshlatam.com\\\/product\\\/eurus\\\/#primaryimage\"},\"image\":{\"@id\":\"https:\\\/\\\/turbofreshlatam.com\\\/product\\\/eurus\\\/#primaryimage\"},\"thumbnailUrl\":\"https:\\\/\\\/i0.wp.com\\\/turbofreshlatam.com\\\/wp-content\\\/uploads\\\/2024\\\/08\\\/eurus.webp?fit=710%2C770&ssl=1\",\"datePublished\":\"2024-08-06T23:03:58+00:00\",\"dateModified\":\"2024-08-06T23:48:47+00:00\",\"breadcrumb\":{\"@id\":\"https:\\\/\\\/turbofreshlatam.com\\\/product\\\/eurus\\\/#breadcrumb\"},\"inLanguage\":\"en-US\",\"potentialAction\":[{\"@type\":\"ReadAction\",\"target\":[\"https:\\\/\\\/turbofreshlatam.com\\\/product\\\/eurus\\\/\"]}]},{\"@type\":\"ImageObject\",\"inLanguage\":\"en-US\",\"@id\":\"https:\\\/\\\/turbofreshlatam.com\\\/product\\\/eurus\\\/#primaryimage\",\"url\":\"https:\\\/\\\/i0.wp.com\\\/turbofreshlatam.com\\\/wp-content\\\/uploads\\\/2024\\\/08\\\/eurus.webp?fit=710%2C770&ssl=1\",\"contentUrl\":\"https:\\\/\\\/i0.wp.com\\\/turbofreshlatam.com\\\/wp-content\\\/uploads\\\/2024\\\/08\\\/eurus.webp?fit=710%2C770&ssl=1\",\"width\":710,\"height\":770},{\"@type\":\"BreadcrumbList\",\"@id\":\"https:\\\/\\\/turbofreshlatam.com\\\/product\\\/eurus\\\/#breadcrumb\",\"itemListElement\":[{\"@type\":\"ListItem\",\"position\":1,\"name\":\"Home\",\"item\":\"https:\\\/\\\/turbofreshlatam.com\\\/\"},{\"@type\":\"ListItem\",\"position\":2,\"name\":\"Shop\",\"item\":\"https:\\\/\\\/turbofreshlatam.com\\\/?page_id=1249\"},{\"@type\":\"ListItem\",\"position\":3,\"name\":\"EURUS III\"}]},{\"@type\":\"WebSite\",\"@id\":\"https:\\\/\\\/usp.rxn.temporary.site\\\/website_374bb836\\\/#website\",\"url\":\"https:\\\/\\\/usp.rxn.temporary.site\\\/website_374bb836\\\/\",\"name\":\"Turbofresh\",\"description\":\"\",\"publisher\":{\"@id\":\"https:\\\/\\\/usp.rxn.temporary.site\\\/website_374bb836\\\/#organization\"},\"potentialAction\":[{\"@type\":\"SearchAction\",\"target\":{\"@type\":\"EntryPoint\",\"urlTemplate\":\"https:\\\/\\\/usp.rxn.temporary.site\\\/website_374bb836\\\/?s={search_term_string}\"},\"query-input\":{\"@type\":\"PropertyValueSpecification\",\"valueRequired\":true,\"valueName\":\"search_term_string\"}}],\"inLanguage\":\"en-US\"},{\"@type\":\"Organization\",\"@id\":\"https:\\\/\\\/usp.rxn.temporary.site\\\/website_374bb836\\\/#organization\",\"name\":\"Turbofresh\",\"url\":\"https:\\\/\\\/usp.rxn.temporary.site\\\/website_374bb836\\\/\",\"logo\":{\"@type\":\"ImageObject\",\"inLanguage\":\"en-US\",\"@id\":\"https:\\\/\\\/usp.rxn.temporary.site\\\/website_374bb836\\\/#\\\/schema\\\/logo\\\/image\\\/\",\"url\":\"https:\\\/\\\/turbofreshlatam.com\\\/wp-content\\\/uploads\\\/2024\\\/08\\\/turbofreshlogo.webp\",\"contentUrl\":\"https:\\\/\\\/turbofreshlatam.com\\\/wp-content\\\/uploads\\\/2024\\\/08\\\/turbofreshlogo.webp\",\"width\":470,\"height\":110,\"caption\":\"Turbofresh\"},\"image\":{\"@id\":\"https:\\\/\\\/usp.rxn.temporary.site\\\/website_374bb836\\\/#\\\/schema\\\/logo\\\/image\\\/\"},\"sameAs\":[\"https:\\\/\\\/www.facebook.com\\\/people\\\/TurboFresh-Latam\\\/pfbid0ajaDMQgnm7ud7M1HECvSm67SoYW1HvhB8BVRgvFzrVgyr7mDC36xgXYRfCRwRE5tl\\\/?ref=xav_ig_profile_web\",\"https:\\\/\\\/www.instagram.com\\\/turbofreshlatam\\\/?hl=es\"]}]}<\/script>\n<!-- \/ Yoast SEO Premium plugin. -->","yoast_head_json":{"title":"EURUS III - Turbofresh","robots":{"index":"index","follow":"follow","max-snippet":"max-snippet:-1","max-image-preview":"max-image-preview:large","max-video-preview":"max-video-preview:-1"},"canonical":"https:\/\/turbofreshlatam.com\/en\/product\/eurus\/","og_locale":"en_US","og_type":"article","og_title":"EURUS III","og_description":"El ventilador de techo EURUS III HVLS incorpora una avanzada tecnolog\u00eda PMSM (con un di\u00e1metro m\u00e1ximo de 7,3 metros). Con un enfoque en disciplinas integrales como la aerodin\u00e1mica, la din\u00e1mica de transmisi\u00f3n y el control PWM, hace circular el aire de forma eficiente, mejorando el confort ambiental.","og_url":"https:\/\/turbofreshlatam.com\/en\/product\/eurus\/","og_site_name":"Turbofresh","article_publisher":"https:\/\/www.facebook.com\/people\/TurboFresh-Latam\/pfbid0ajaDMQgnm7ud7M1HECvSm67SoYW1HvhB8BVRgvFzrVgyr7mDC36xgXYRfCRwRE5tl\/?ref=xav_ig_profile_web","article_modified_time":"2024-08-06T23:48:47+00:00","og_image":[{"width":710,"height":770,"url":"https:\/\/turbofreshlatam.com\/wp-content\/uploads\/2024\/08\/eurus.webp","type":"image\/webp"}],"twitter_card":"summary_large_image","twitter_misc":{"Est. reading time":"3 minutes"},"schema":{"@context":"https:\/\/schema.org","@graph":[{"@type":"WebPage","@id":"https:\/\/turbofreshlatam.com\/product\/eurus\/","url":"https:\/\/turbofreshlatam.com\/product\/eurus\/","name":"EURUS III - Turbofresh","isPartOf":{"@id":"https:\/\/usp.rxn.temporary.site\/website_374bb836\/#website"},"primaryImageOfPage":{"@id":"https:\/\/turbofreshlatam.com\/product\/eurus\/#primaryimage"},"image":{"@id":"https:\/\/turbofreshlatam.com\/product\/eurus\/#primaryimage"},"thumbnailUrl":"https:\/\/i0.wp.com\/turbofreshlatam.com\/wp-content\/uploads\/2024\/08\/eurus.webp?fit=710%2C770&ssl=1","datePublished":"2024-08-06T23:03:58+00:00","dateModified":"2024-08-06T23:48:47+00:00","breadcrumb":{"@id":"https:\/\/turbofreshlatam.com\/product\/eurus\/#breadcrumb"},"inLanguage":"en-US","potentialAction":[{"@type":"ReadAction","target":["https:\/\/turbofreshlatam.com\/product\/eurus\/"]}]},{"@type":"ImageObject","inLanguage":"en-US","@id":"https:\/\/turbofreshlatam.com\/product\/eurus\/#primaryimage","url":"https:\/\/i0.wp.com\/turbofreshlatam.com\/wp-content\/uploads\/2024\/08\/eurus.webp?fit=710%2C770&ssl=1","contentUrl":"https:\/\/i0.wp.com\/turbofreshlatam.com\/wp-content\/uploads\/2024\/08\/eurus.webp?fit=710%2C770&ssl=1","width":710,"height":770},{"@type":"BreadcrumbList","@id":"https:\/\/turbofreshlatam.com\/product\/eurus\/#breadcrumb","itemListElement":[{"@type":"ListItem","position":1,"name":"Home","item":"https:\/\/turbofreshlatam.com\/"},{"@type":"ListItem","position":2,"name":"Shop","item":"https:\/\/turbofreshlatam.com\/?page_id=1249"},{"@type":"ListItem","position":3,"name":"EURUS III"}]},{"@type":"WebSite","@id":"https:\/\/usp.rxn.temporary.site\/website_374bb836\/#website","url":"https:\/\/usp.rxn.temporary.site\/website_374bb836\/","name":"Turbofresh","description":"","publisher":{"@id":"https:\/\/usp.rxn.temporary.site\/website_374bb836\/#organization"},"potentialAction":[{"@type":"SearchAction","target":{"@type":"EntryPoint","urlTemplate":"https:\/\/usp.rxn.temporary.site\/website_374bb836\/?s={search_term_string}"},"query-input":{"@type":"PropertyValueSpecification","valueRequired":true,"valueName":"search_term_string"}}],"inLanguage":"en-US"},{"@type":"Organization","@id":"https:\/\/usp.rxn.temporary.site\/website_374bb836\/#organization","name":"Turbofresh","url":"https:\/\/usp.rxn.temporary.site\/website_374bb836\/","logo":{"@type":"ImageObject","inLanguage":"en-US","@id":"https:\/\/usp.rxn.temporary.site\/website_374bb836\/#\/schema\/logo\/image\/","url":"https:\/\/turbofreshlatam.com\/wp-content\/uploads\/2024\/08\/turbofreshlogo.webp","contentUrl":"https:\/\/turbofreshlatam.com\/wp-content\/uploads\/2024\/08\/turbofreshlogo.webp","width":470,"height":110,"caption":"Turbofresh"},"image":{"@id":"https:\/\/usp.rxn.temporary.site\/website_374bb836\/#\/schema\/logo\/image\/"},"sameAs":["https:\/\/www.facebook.com\/people\/TurboFresh-Latam\/pfbid0ajaDMQgnm7ud7M1HECvSm67SoYW1HvhB8BVRgvFzrVgyr7mDC36xgXYRfCRwRE5tl\/?ref=xav_ig_profile_web","https:\/\/www.instagram.com\/turbofreshlatam\/?hl=es"]}]}},"jetpack_sharing_enabled":true,"_links":{"self":[{"href":"https:\/\/turbofreshlatam.com\/en\/wp-json\/wp\/v2\/product\/9897","targetHints":{"allow":["GET"]}}],"collection":[{"href":"https:\/\/turbofreshlatam.com\/en\/wp-json\/wp\/v2\/product"}],"about":[{"href":"https:\/\/turbofreshlatam.com\/en\/wp-json\/wp\/v2\/types\/product"}],"wp:featuredmedia":[{"embeddable":true,"href":"https:\/\/turbofreshlatam.com\/en\/wp-json\/wp\/v2\/media\/9898"}],"wp:attachment":[{"href":"https:\/\/turbofreshlatam.com\/en\/wp-json\/wp\/v2\/media?parent=9897"}],"wp:term":[{"taxonomy":"product_brand","embeddable":true,"href":"https:\/\/turbofreshlatam.com\/en\/wp-json\/wp\/v2\/product_brand?post=9897"},{"taxonomy":"product_cat","embeddable":true,"href":"https:\/\/turbofreshlatam.com\/en\/wp-json\/wp\/v2\/product_cat?post=9897"},{"taxonomy":"product_tag","embeddable":true,"href":"https:\/\/turbofreshlatam.com\/en\/wp-json\/wp\/v2\/product_tag?post=9897"}],"curies":[{"name":"wp","href":"https:\/\/api.w.org\/{rel}","templated":true}]}}