{"id":9940,"date":"2024-08-07T01:04:06","date_gmt":"2024-08-07T01:04:06","guid":{"rendered":"https:\/\/turbofreshlatam.com\/?post_type=product&#038;p=9940"},"modified":"2024-08-07T01:15:06","modified_gmt":"2024-08-07T01:15:06","slug":"xp","status":"publish","type":"product","link":"https:\/\/turbofreshlatam.com\/en\/product\/xp\/","title":{"rendered":"XP"},"content":{"rendered":"<p><span style=\"font-weight: 400;\">Designed with a direct drive motor and industrial components, these High Volume Low Velocity (HVLS) fans are supplied with a 2\u2032 rigid mounting downrod and utilize standard US 120V supply voltage.<\/span><\/p>\n<ul>\n<li><b style=\"color: #40bd40;\">Hassle-free installation<\/b><\/li>\n<li><b style=\"color: #40bd40;\">Direct drive motor<\/b><\/li>\n<li><b style=\"color: #40bd40;\">Lifetime warranty<\/b><\/li>\n<li><b style=\"color: #40bd40;\">Available diameters:7\u2032 - 14\u2032<\/b><\/li>\n<\/ul>\n<p><b style=\"color: #40bd40;\">Industrial Fans Designed for Every Business<\/b><\/p>\n<p><span style=\"font-weight: 400;\">The Hunter XP HVLS fan is specifically designed for those who need the power and performance of a large industrial fan in a compact environment. Think gyms, bars, event halls, and garages. The XP fan is available in the smallest sizes possible to still be considered an HVLS fan, with diameters ranging from 7\u2032 to 14\u2032. Don\u2019t let the diameter fool you; even the smallest XP fan moves six times more air than the average residential ceiling fan!<\/span><\/p>\n<p><b style=\"color: #40bd40;\">The perfect fan for workshops<\/b><\/p>\n<p><span style=\"font-weight: 400;\">The XP HVLS ceiling fan is the perfect choice for automotive shops and garages. The reliable airflow not only creates a more comfortable environment, but also mitigates the effects of hazardous odors and fumes. Rest easy knowing you have installed high-quality HVLS ceiling fans that are backed by Hunter's limited lifetime warranty.<\/span><\/p>\n<p><b style=\"color: #40bd40;\">Durability of HVLS fan blades<\/b><\/p>\n<p><span style=\"font-weight: 400;\">Hunter Industrial's patented HVLS blade bracket is constructed of structural grade steel with a redundant blade attachment system. The blade bracket is recessed deep into the blade cavity for a secure attachment to the fan blades. Each HVLS fan blade is constructed of 6005A aluminum, known for its strength,<\/span> <span style=\"font-weight: 400;\">flexibilidad y ligereza. Esta combinaci\u00f3n produce un aspa de ventilador HVLS ligera e incre\u00edblemente fuerte que crea un flujo de aire importante.<\/span><\/p>\n<p><b style=\"color: #40bd40;\">Installing the XP fan<\/b><\/p>\n<p><span style=\"font-weight: 400;\">The XP HVLS ceiling fan easily mounts to a standard Unistrut frame and plugs directly into a standard 120V US outlet. The XP fan\u2019s smaller size means no guy wires are required, making installation a breeze!<\/span><\/p>\n<p><span style=\"font-weight: 400;\">We pre-assemble as much of the fan as possible to make installation as easy as possible. Once the fan is assembled, simply follow our simple instructions to connect the parts together and plug it in. Experience instant comfort with Hunter HVLS fans.<\/span><\/p>\n<p><b style=\"color: #40bd40;\">Maintenance and reliability<\/b><\/p>\n<p><span style=\"font-weight: 400;\">Our high-volume, low-speed industrial fans are built to last (and last!) with virtually no maintenance. This is just one of the many benefits of our gearless direct drive motor technology. But reliability isn\u2019t just the motor, it\u2019s everything that goes into a Hunter ceiling fan. It\u2019s the fact that our designers, engineers and technicians work side-by-side, collaborating and testing until perfection is achieved.<\/span><\/p>","protected":false},"excerpt":{"rendered":"<p><span style=\"font-weight: 400;\">The high-efficiency Hunter XP ceiling fan is designed for year-round cost savings, comfort and hassle-free installation.<\/span><\/p>\n<p><img loading=\"lazy\" decoding=\"async\" class=\"alignnone wp-image-9910 size-full\" src=\"https:\/\/turbofreshlatam.com\/wp-content\/uploads\/2024\/08\/Iconos-Hunter.png\" alt=\"\" width=\"2800\" height=\"347\" srcset=\"https:\/\/i0.wp.com\/turbofreshlatam.com\/wp-content\/uploads\/2024\/08\/Iconos-Hunter.png?w=2800&amp;ssl=1 2800w, https:\/\/i0.wp.com\/turbofreshlatam.com\/wp-content\/uploads\/2024\/08\/Iconos-Hunter.png?resize=400%2C50&amp;ssl=1 400w, https:\/\/i0.wp.com\/turbofreshlatam.com\/wp-content\/uploads\/2024\/08\/Iconos-Hunter.png?resize=1300%2C161&amp;ssl=1 1300w, https:\/\/i0.wp.com\/turbofreshlatam.com\/wp-content\/uploads\/2024\/08\/Iconos-Hunter.png?resize=768%2C95&amp;ssl=1 768w, https:\/\/i0.wp.com\/turbofreshlatam.com\/wp-content\/uploads\/2024\/08\/Iconos-Hunter.png?resize=1536%2C190&amp;ssl=1 1536w, https:\/\/i0.wp.com\/turbofreshlatam.com\/wp-content\/uploads\/2024\/08\/Iconos-Hunter.png?resize=2048%2C254&amp;ssl=1 2048w, https:\/\/i0.wp.com\/turbofreshlatam.com\/wp-content\/uploads\/2024\/08\/Iconos-Hunter.png?resize=430%2C53&amp;ssl=1 430w, https:\/\/i0.wp.com\/turbofreshlatam.com\/wp-content\/uploads\/2024\/08\/Iconos-Hunter.png?resize=700%2C87&amp;ssl=1 700w, https:\/\/i0.wp.com\/turbofreshlatam.com\/wp-content\/uploads\/2024\/08\/Iconos-Hunter.png?resize=150%2C19&amp;ssl=1 150w\" sizes=\"auto, (max-width: 2800px) 100vw, 2800px\" \/><\/p>","protected":false},"featured_media":9941,"template":"","meta":{"nf_dc_page":""},"product_brand":[],"product_cat":[34],"product_tag":[88,87,89],"class_list":{"0":"post-9940","1":"product","2":"type-product","3":"status-publish","4":"has-post-thumbnail","6":"product_cat-hunter","7":"product_tag-exteriores","8":"product_tag-hunter","9":"product_tag-interiores","11":"first","12":"instock","13":"shipping-taxable","14":"product-type-external"},"yoast_head":"<!-- This site is optimized with the Yoast SEO Premium plugin v23.7 (Yoast SEO v27.4) - https:\/\/yoast.com\/product\/yoast-seo-premium-wordpress\/ -->\n<title>XP - Turbofresh<\/title>\n<meta name=\"robots\" content=\"index, follow, max-snippet:-1, max-image-preview:large, max-video-preview:-1\" \/>\n<link rel=\"canonical\" href=\"https:\/\/turbofreshlatam.com\/en\/product\/xp\/\" \/>\n<meta property=\"og:locale\" content=\"en_US\" \/>\n<meta property=\"og:type\" content=\"article\" \/>\n<meta property=\"og:title\" content=\"XP\" \/>\n<meta property=\"og:description\" content=\"El ventilador de techo Hunter XP de alta eficiencia est\u00e1 dise\u00f1ado para ahorrar costes durante todo el a\u00f1o, ofrecer comodidad y una instalaci\u00f3n sin complicaciones.\" \/>\n<meta property=\"og:url\" content=\"https:\/\/turbofreshlatam.com\/en\/product\/xp\/\" \/>\n<meta property=\"og:site_name\" content=\"Turbofresh\" \/>\n<meta property=\"article:publisher\" content=\"https:\/\/www.facebook.com\/people\/TurboFresh-Latam\/pfbid0ajaDMQgnm7ud7M1HECvSm67SoYW1HvhB8BVRgvFzrVgyr7mDC36xgXYRfCRwRE5tl\/?ref=xav_ig_profile_web\" \/>\n<meta property=\"article:modified_time\" content=\"2024-08-07T01:15:06+00:00\" \/>\n<meta property=\"og:image\" content=\"https:\/\/turbofreshlatam.com\/wp-content\/uploads\/2024\/08\/xp.png\" \/>\n\t<meta property=\"og:image:width\" content=\"710\" \/>\n\t<meta property=\"og:image:height\" content=\"770\" \/>\n\t<meta property=\"og:image:type\" content=\"image\/png\" \/>\n<meta name=\"twitter:card\" content=\"summary_large_image\" \/>\n<meta name=\"twitter:label1\" content=\"Est. reading time\" \/>\n\t<meta name=\"twitter:data1\" content=\"3 minutes\" \/>\n<script type=\"application\/ld+json\" class=\"yoast-schema-graph\">{\"@context\":\"https:\\\/\\\/schema.org\",\"@graph\":[{\"@type\":\"WebPage\",\"@id\":\"https:\\\/\\\/turbofreshlatam.com\\\/product\\\/xp\\\/\",\"url\":\"https:\\\/\\\/turbofreshlatam.com\\\/product\\\/xp\\\/\",\"name\":\"XP - Turbofresh\",\"isPartOf\":{\"@id\":\"https:\\\/\\\/usp.rxn.temporary.site\\\/website_374bb836\\\/#website\"},\"primaryImageOfPage\":{\"@id\":\"https:\\\/\\\/turbofreshlatam.com\\\/product\\\/xp\\\/#primaryimage\"},\"image\":{\"@id\":\"https:\\\/\\\/turbofreshlatam.com\\\/product\\\/xp\\\/#primaryimage\"},\"thumbnailUrl\":\"https:\\\/\\\/i0.wp.com\\\/turbofreshlatam.com\\\/wp-content\\\/uploads\\\/2024\\\/08\\\/xp.png?fit=710%2C770&ssl=1\",\"datePublished\":\"2024-08-07T01:04:06+00:00\",\"dateModified\":\"2024-08-07T01:15:06+00:00\",\"breadcrumb\":{\"@id\":\"https:\\\/\\\/turbofreshlatam.com\\\/product\\\/xp\\\/#breadcrumb\"},\"inLanguage\":\"en-US\",\"potentialAction\":[{\"@type\":\"ReadAction\",\"target\":[\"https:\\\/\\\/turbofreshlatam.com\\\/product\\\/xp\\\/\"]}]},{\"@type\":\"ImageObject\",\"inLanguage\":\"en-US\",\"@id\":\"https:\\\/\\\/turbofreshlatam.com\\\/product\\\/xp\\\/#primaryimage\",\"url\":\"https:\\\/\\\/i0.wp.com\\\/turbofreshlatam.com\\\/wp-content\\\/uploads\\\/2024\\\/08\\\/xp.png?fit=710%2C770&ssl=1\",\"contentUrl\":\"https:\\\/\\\/i0.wp.com\\\/turbofreshlatam.com\\\/wp-content\\\/uploads\\\/2024\\\/08\\\/xp.png?fit=710%2C770&ssl=1\",\"width\":710,\"height\":770},{\"@type\":\"BreadcrumbList\",\"@id\":\"https:\\\/\\\/turbofreshlatam.com\\\/product\\\/xp\\\/#breadcrumb\",\"itemListElement\":[{\"@type\":\"ListItem\",\"position\":1,\"name\":\"Home\",\"item\":\"https:\\\/\\\/turbofreshlatam.com\\\/\"},{\"@type\":\"ListItem\",\"position\":2,\"name\":\"Shop\",\"item\":\"https:\\\/\\\/turbofreshlatam.com\\\/?page_id=1249\"},{\"@type\":\"ListItem\",\"position\":3,\"name\":\"XP\"}]},{\"@type\":\"WebSite\",\"@id\":\"https:\\\/\\\/usp.rxn.temporary.site\\\/website_374bb836\\\/#website\",\"url\":\"https:\\\/\\\/usp.rxn.temporary.site\\\/website_374bb836\\\/\",\"name\":\"Turbofresh\",\"description\":\"\",\"publisher\":{\"@id\":\"https:\\\/\\\/usp.rxn.temporary.site\\\/website_374bb836\\\/#organization\"},\"potentialAction\":[{\"@type\":\"SearchAction\",\"target\":{\"@type\":\"EntryPoint\",\"urlTemplate\":\"https:\\\/\\\/usp.rxn.temporary.site\\\/website_374bb836\\\/?s={search_term_string}\"},\"query-input\":{\"@type\":\"PropertyValueSpecification\",\"valueRequired\":true,\"valueName\":\"search_term_string\"}}],\"inLanguage\":\"en-US\"},{\"@type\":\"Organization\",\"@id\":\"https:\\\/\\\/usp.rxn.temporary.site\\\/website_374bb836\\\/#organization\",\"name\":\"Turbofresh\",\"url\":\"https:\\\/\\\/usp.rxn.temporary.site\\\/website_374bb836\\\/\",\"logo\":{\"@type\":\"ImageObject\",\"inLanguage\":\"en-US\",\"@id\":\"https:\\\/\\\/usp.rxn.temporary.site\\\/website_374bb836\\\/#\\\/schema\\\/logo\\\/image\\\/\",\"url\":\"https:\\\/\\\/turbofreshlatam.com\\\/wp-content\\\/uploads\\\/2024\\\/08\\\/turbofreshlogo.webp\",\"contentUrl\":\"https:\\\/\\\/turbofreshlatam.com\\\/wp-content\\\/uploads\\\/2024\\\/08\\\/turbofreshlogo.webp\",\"width\":470,\"height\":110,\"caption\":\"Turbofresh\"},\"image\":{\"@id\":\"https:\\\/\\\/usp.rxn.temporary.site\\\/website_374bb836\\\/#\\\/schema\\\/logo\\\/image\\\/\"},\"sameAs\":[\"https:\\\/\\\/www.facebook.com\\\/people\\\/TurboFresh-Latam\\\/pfbid0ajaDMQgnm7ud7M1HECvSm67SoYW1HvhB8BVRgvFzrVgyr7mDC36xgXYRfCRwRE5tl\\\/?ref=xav_ig_profile_web\",\"https:\\\/\\\/www.instagram.com\\\/turbofreshlatam\\\/?hl=es\"]}]}<\/script>\n<!-- \/ Yoast SEO Premium plugin. -->","yoast_head_json":{"title":"XP - Turbofresh","robots":{"index":"index","follow":"follow","max-snippet":"max-snippet:-1","max-image-preview":"max-image-preview:large","max-video-preview":"max-video-preview:-1"},"canonical":"https:\/\/turbofreshlatam.com\/en\/product\/xp\/","og_locale":"en_US","og_type":"article","og_title":"XP","og_description":"El ventilador de techo Hunter XP de alta eficiencia est\u00e1 dise\u00f1ado para ahorrar costes durante todo el a\u00f1o, ofrecer comodidad y una instalaci\u00f3n sin complicaciones.","og_url":"https:\/\/turbofreshlatam.com\/en\/product\/xp\/","og_site_name":"Turbofresh","article_publisher":"https:\/\/www.facebook.com\/people\/TurboFresh-Latam\/pfbid0ajaDMQgnm7ud7M1HECvSm67SoYW1HvhB8BVRgvFzrVgyr7mDC36xgXYRfCRwRE5tl\/?ref=xav_ig_profile_web","article_modified_time":"2024-08-07T01:15:06+00:00","og_image":[{"width":710,"height":770,"url":"https:\/\/turbofreshlatam.com\/wp-content\/uploads\/2024\/08\/xp.png","type":"image\/png"}],"twitter_card":"summary_large_image","twitter_misc":{"Est. reading time":"3 minutes"},"schema":{"@context":"https:\/\/schema.org","@graph":[{"@type":"WebPage","@id":"https:\/\/turbofreshlatam.com\/product\/xp\/","url":"https:\/\/turbofreshlatam.com\/product\/xp\/","name":"XP - Turbofresh","isPartOf":{"@id":"https:\/\/usp.rxn.temporary.site\/website_374bb836\/#website"},"primaryImageOfPage":{"@id":"https:\/\/turbofreshlatam.com\/product\/xp\/#primaryimage"},"image":{"@id":"https:\/\/turbofreshlatam.com\/product\/xp\/#primaryimage"},"thumbnailUrl":"https:\/\/i0.wp.com\/turbofreshlatam.com\/wp-content\/uploads\/2024\/08\/xp.png?fit=710%2C770&ssl=1","datePublished":"2024-08-07T01:04:06+00:00","dateModified":"2024-08-07T01:15:06+00:00","breadcrumb":{"@id":"https:\/\/turbofreshlatam.com\/product\/xp\/#breadcrumb"},"inLanguage":"en-US","potentialAction":[{"@type":"ReadAction","target":["https:\/\/turbofreshlatam.com\/product\/xp\/"]}]},{"@type":"ImageObject","inLanguage":"en-US","@id":"https:\/\/turbofreshlatam.com\/product\/xp\/#primaryimage","url":"https:\/\/i0.wp.com\/turbofreshlatam.com\/wp-content\/uploads\/2024\/08\/xp.png?fit=710%2C770&ssl=1","contentUrl":"https:\/\/i0.wp.com\/turbofreshlatam.com\/wp-content\/uploads\/2024\/08\/xp.png?fit=710%2C770&ssl=1","width":710,"height":770},{"@type":"BreadcrumbList","@id":"https:\/\/turbofreshlatam.com\/product\/xp\/#breadcrumb","itemListElement":[{"@type":"ListItem","position":1,"name":"Home","item":"https:\/\/turbofreshlatam.com\/"},{"@type":"ListItem","position":2,"name":"Shop","item":"https:\/\/turbofreshlatam.com\/?page_id=1249"},{"@type":"ListItem","position":3,"name":"XP"}]},{"@type":"WebSite","@id":"https:\/\/usp.rxn.temporary.site\/website_374bb836\/#website","url":"https:\/\/usp.rxn.temporary.site\/website_374bb836\/","name":"Turbofresh","description":"","publisher":{"@id":"https:\/\/usp.rxn.temporary.site\/website_374bb836\/#organization"},"potentialAction":[{"@type":"SearchAction","target":{"@type":"EntryPoint","urlTemplate":"https:\/\/usp.rxn.temporary.site\/website_374bb836\/?s={search_term_string}"},"query-input":{"@type":"PropertyValueSpecification","valueRequired":true,"valueName":"search_term_string"}}],"inLanguage":"en-US"},{"@type":"Organization","@id":"https:\/\/usp.rxn.temporary.site\/website_374bb836\/#organization","name":"Turbofresh","url":"https:\/\/usp.rxn.temporary.site\/website_374bb836\/","logo":{"@type":"ImageObject","inLanguage":"en-US","@id":"https:\/\/usp.rxn.temporary.site\/website_374bb836\/#\/schema\/logo\/image\/","url":"https:\/\/turbofreshlatam.com\/wp-content\/uploads\/2024\/08\/turbofreshlogo.webp","contentUrl":"https:\/\/turbofreshlatam.com\/wp-content\/uploads\/2024\/08\/turbofreshlogo.webp","width":470,"height":110,"caption":"Turbofresh"},"image":{"@id":"https:\/\/usp.rxn.temporary.site\/website_374bb836\/#\/schema\/logo\/image\/"},"sameAs":["https:\/\/www.facebook.com\/people\/TurboFresh-Latam\/pfbid0ajaDMQgnm7ud7M1HECvSm67SoYW1HvhB8BVRgvFzrVgyr7mDC36xgXYRfCRwRE5tl\/?ref=xav_ig_profile_web","https:\/\/www.instagram.com\/turbofreshlatam\/?hl=es"]}]}},"jetpack_sharing_enabled":true,"_links":{"self":[{"href":"https:\/\/turbofreshlatam.com\/en\/wp-json\/wp\/v2\/product\/9940","targetHints":{"allow":["GET"]}}],"collection":[{"href":"https:\/\/turbofreshlatam.com\/en\/wp-json\/wp\/v2\/product"}],"about":[{"href":"https:\/\/turbofreshlatam.com\/en\/wp-json\/wp\/v2\/types\/product"}],"wp:featuredmedia":[{"embeddable":true,"href":"https:\/\/turbofreshlatam.com\/en\/wp-json\/wp\/v2\/media\/9941"}],"wp:attachment":[{"href":"https:\/\/turbofreshlatam.com\/en\/wp-json\/wp\/v2\/media?parent=9940"}],"wp:term":[{"taxonomy":"product_brand","embeddable":true,"href":"https:\/\/turbofreshlatam.com\/en\/wp-json\/wp\/v2\/product_brand?post=9940"},{"taxonomy":"product_cat","embeddable":true,"href":"https:\/\/turbofreshlatam.com\/en\/wp-json\/wp\/v2\/product_cat?post=9940"},{"taxonomy":"product_tag","embeddable":true,"href":"https:\/\/turbofreshlatam.com\/en\/wp-json\/wp\/v2\/product_tag?post=9940"}],"curies":[{"name":"wp","href":"https:\/\/api.w.org\/{rel}","templated":true}]}}