{"id":9973,"date":"2024-08-07T23:40:27","date_gmt":"2024-08-07T23:40:27","guid":{"rendered":"https:\/\/turbofreshlatam.com\/?post_type=product&#038;p=9973"},"modified":"2024-08-07T23:43:24","modified_gmt":"2024-08-07T23:43:24","slug":"eurusii","status":"publish","type":"product","link":"https:\/\/turbofreshlatam.com\/en\/product\/eurusii\/","title":{"rendered":"EURUS II"},"content":{"rendered":"<p><span style=\"font-weight: 400;\">Made from robust materials such as forged steel and aircraft-grade aluminum, it ensures safety and longevity. The gearmotor features German LENZE technology to reduce noise, increase safety and energy efficiency. Precision-engineered hubs ensure dynamic balance, while Schneider electrical assemblies and the German control cabinet guarantee top-notch safety and performance. Dovetail power blades and the exclusive connector highlight its superior design and reliability, making it an ideal solution for large area ventilation and cooling.<\/span><\/p>\n<p><b style=\"color: #faab23;\">Geared motor<\/b><\/p>\n<ol>\n<li><span style=\"font-weight: 400;\">Uses low backlash assembly process and gear grinding technique, lower noise<\/span><\/li>\n<li><span style=\"font-weight: 400;\">Strengthen the bearing frame structure, increase the oil seal, and strengthen the engine structure with trapezoidal shaft structure, higher safety<\/span><\/li>\n<li>Adopt IE2 high efficiency motor, save more than 5-10% than IE1 4. Passed CCC, CE, UL certificates<\/li>\n<\/ol>\n<p><b style=\"color: #faab23;\">Center<\/b><\/p>\n<p><span style=\"font-weight: 400;\">The hub is made by 1500T hot forging, numerical control machining and CNC precise machining. Forging can confirm the consistency of metal structure, which can keep the inner structure and outer shape of forgings consistent. The full metal streamline structure confirms the best mechanical properties of the hub. By CNC machining, the precision tolerance has been controlled within 100um, ensuring the precise dynamic balance of the hub.<\/span><\/p>\n<p><b style=\"color: #faab23;\">Control system<\/b><\/p>\n<p><span style=\"font-weight: 400;\">Top-level electrical configuration in HVLS industry, Schneider brand electrical sets, with building safety protection module which will shut off the output automatically in case of some accidents. International brand control cabinet (Danfoss &amp; Schneider) passed EMC certificates by SGS and CCC, meanwhile, it passed anti-creep testing which effectively shields electromagnetic interference. The protection level is IP55, passing UL, EMC,LVD, ROHS certificates.<\/span><\/p>\n<p><b style=\"color: #faab23;\">Electric dovetail blades<\/b><\/p>\n<p><span style=\"font-weight: 400;\">EURUS II series fans are equipped with dovetail fan blades, which are new generation fan blades from Kale. Low speed operation eliminates heat build-up on the ceiling and can be used in multiple seasons, which will significantly improve the air volume, wind cover, coverage and safety performance. Main advantages of EURUS II HVLS fans: Large air volume, wide range, strong wind cover!<\/span><\/p>\n<p><b style=\"color: #faab23;\">Wing<\/b><\/p>\n<p><span style=\"font-weight: 400;\">This type of winglet is always seen in racing airplanes and motorcycles, but it is not designed for beauty. Swirls will form at the end of the fan's aerodynamic blades while the airflow is running. With the Winglet, this part of energy loss will be avoided and the fan will run steadily, which will bring an economical effect.<\/span><\/p>\n<p><b style=\"color: #faab23;\">Connector for fan blades<\/b><\/p>\n<p><span style=\"font-weight: 400;\">KALE's unique patented jacket type connector adopts three processes of cold forging + magnetic force grinding process + anodic oxidation process, 7050 aviation hard aluminum aging heat treatment, certified by the national quality inspection center, withstands more than millions of times of fatigue experiments, completely Solve the problem of breakage and falling off caused by long-time operation!<\/span><\/p>","protected":false},"excerpt":{"rendered":"<p><span style=\"font-weight: 400;\">The EURUS II industrial ceiling fan uses advanced aerodynamics in Kale's electric dovetail blades for efficient air circulation. With a power consumption of only 1.5 KW or less, it offers substantial ventilation and cooling.<\/span><\/p>\n<p><img loading=\"lazy\" decoding=\"async\" class=\"alignnone wp-image-9902 size-full\" src=\"https:\/\/turbofreshlatam.com\/wp-content\/uploads\/2024\/08\/Iconos-Kale-scaled.webp\" alt=\"\" width=\"2560\" height=\"317\" srcset=\"https:\/\/i0.wp.com\/turbofreshlatam.com\/wp-content\/uploads\/2024\/08\/Iconos-Kale-scaled.webp?w=2560&amp;ssl=1 2560w, https:\/\/i0.wp.com\/turbofreshlatam.com\/wp-content\/uploads\/2024\/08\/Iconos-Kale-scaled.webp?resize=400%2C50&amp;ssl=1 400w, https:\/\/i0.wp.com\/turbofreshlatam.com\/wp-content\/uploads\/2024\/08\/Iconos-Kale-scaled.webp?resize=1300%2C161&amp;ssl=1 1300w, https:\/\/i0.wp.com\/turbofreshlatam.com\/wp-content\/uploads\/2024\/08\/Iconos-Kale-scaled.webp?resize=768%2C95&amp;ssl=1 768w, https:\/\/i0.wp.com\/turbofreshlatam.com\/wp-content\/uploads\/2024\/08\/Iconos-Kale-scaled.webp?resize=1536%2C190&amp;ssl=1 1536w, https:\/\/i0.wp.com\/turbofreshlatam.com\/wp-content\/uploads\/2024\/08\/Iconos-Kale-scaled.webp?resize=2048%2C254&amp;ssl=1 2048w, https:\/\/i0.wp.com\/turbofreshlatam.com\/wp-content\/uploads\/2024\/08\/Iconos-Kale-scaled.webp?resize=430%2C53&amp;ssl=1 430w, https:\/\/i0.wp.com\/turbofreshlatam.com\/wp-content\/uploads\/2024\/08\/Iconos-Kale-scaled.webp?resize=700%2C87&amp;ssl=1 700w, https:\/\/i0.wp.com\/turbofreshlatam.com\/wp-content\/uploads\/2024\/08\/Iconos-Kale-scaled.webp?resize=150%2C19&amp;ssl=1 150w\" sizes=\"auto, (max-width: 2560px) 100vw, 2560px\" \/><\/p>","protected":false},"featured_media":9974,"template":"","meta":{"nf_dc_page":""},"product_brand":[],"product_cat":[22],"product_tag":[85,84,82,83,86],"class_list":{"0":"post-9973","1":"product","2":"type-product","3":"status-publish","4":"has-post-thumbnail","6":"product_cat-kale-fans","7":"product_tag-aerodinamica","8":"product_tag-fans","9":"product_tag-kale","10":"product_tag-kale-fans","11":"product_tag-pwm","13":"first","14":"instock","15":"shipping-taxable","16":"product-type-external"},"yoast_head":"<!-- This site is optimized with the Yoast SEO Premium plugin v23.7 (Yoast SEO v27.4) - https:\/\/yoast.com\/product\/yoast-seo-premium-wordpress\/ -->\n<title>EURUS II - Turbofresh<\/title>\n<meta name=\"robots\" content=\"index, follow, max-snippet:-1, max-image-preview:large, max-video-preview:-1\" \/>\n<link rel=\"canonical\" href=\"https:\/\/turbofreshlatam.com\/en\/product\/eurusii\/\" \/>\n<meta property=\"og:locale\" content=\"en_US\" \/>\n<meta property=\"og:type\" content=\"article\" \/>\n<meta property=\"og:title\" content=\"EURUS II\" \/>\n<meta property=\"og:description\" content=\"El ventilador de techo industrial EURUS II utiliza una aerodin\u00e1mica avanzada en las aspas el\u00e9ctricas de cola de milano de Kale para una circulaci\u00f3n de aire eficiente. Con un consumo de energ\u00eda de s\u00f3lo 1,5 KW o menos, ofrece ventilaci\u00f3n y refrigeraci\u00f3n sustanciales.\" \/>\n<meta property=\"og:url\" content=\"https:\/\/turbofreshlatam.com\/en\/product\/eurusii\/\" \/>\n<meta property=\"og:site_name\" content=\"Turbofresh\" \/>\n<meta property=\"article:publisher\" content=\"https:\/\/www.facebook.com\/people\/TurboFresh-Latam\/pfbid0ajaDMQgnm7ud7M1HECvSm67SoYW1HvhB8BVRgvFzrVgyr7mDC36xgXYRfCRwRE5tl\/?ref=xav_ig_profile_web\" \/>\n<meta property=\"article:modified_time\" content=\"2024-08-07T23:43:24+00:00\" \/>\n<meta property=\"og:image\" content=\"https:\/\/turbofreshlatam.com\/wp-content\/uploads\/2024\/08\/Eurus-II.webp\" \/>\n\t<meta property=\"og:image:width\" content=\"355\" \/>\n\t<meta property=\"og:image:height\" content=\"385\" \/>\n\t<meta property=\"og:image:type\" content=\"image\/webp\" \/>\n<meta name=\"twitter:card\" content=\"summary_large_image\" \/>\n<meta name=\"twitter:label1\" content=\"Est. reading time\" \/>\n\t<meta name=\"twitter:data1\" content=\"3 minutes\" \/>\n<script type=\"application\/ld+json\" class=\"yoast-schema-graph\">{\"@context\":\"https:\\\/\\\/schema.org\",\"@graph\":[{\"@type\":\"WebPage\",\"@id\":\"https:\\\/\\\/turbofreshlatam.com\\\/product\\\/eurusii\\\/\",\"url\":\"https:\\\/\\\/turbofreshlatam.com\\\/product\\\/eurusii\\\/\",\"name\":\"EURUS II - Turbofresh\",\"isPartOf\":{\"@id\":\"https:\\\/\\\/usp.rxn.temporary.site\\\/website_374bb836\\\/#website\"},\"primaryImageOfPage\":{\"@id\":\"https:\\\/\\\/turbofreshlatam.com\\\/product\\\/eurusii\\\/#primaryimage\"},\"image\":{\"@id\":\"https:\\\/\\\/turbofreshlatam.com\\\/product\\\/eurusii\\\/#primaryimage\"},\"thumbnailUrl\":\"https:\\\/\\\/i0.wp.com\\\/turbofreshlatam.com\\\/wp-content\\\/uploads\\\/2024\\\/08\\\/Eurus-II.webp?fit=355%2C385&ssl=1\",\"datePublished\":\"2024-08-07T23:40:27+00:00\",\"dateModified\":\"2024-08-07T23:43:24+00:00\",\"breadcrumb\":{\"@id\":\"https:\\\/\\\/turbofreshlatam.com\\\/product\\\/eurusii\\\/#breadcrumb\"},\"inLanguage\":\"en-US\",\"potentialAction\":[{\"@type\":\"ReadAction\",\"target\":[\"https:\\\/\\\/turbofreshlatam.com\\\/product\\\/eurusii\\\/\"]}]},{\"@type\":\"ImageObject\",\"inLanguage\":\"en-US\",\"@id\":\"https:\\\/\\\/turbofreshlatam.com\\\/product\\\/eurusii\\\/#primaryimage\",\"url\":\"https:\\\/\\\/i0.wp.com\\\/turbofreshlatam.com\\\/wp-content\\\/uploads\\\/2024\\\/08\\\/Eurus-II.webp?fit=355%2C385&ssl=1\",\"contentUrl\":\"https:\\\/\\\/i0.wp.com\\\/turbofreshlatam.com\\\/wp-content\\\/uploads\\\/2024\\\/08\\\/Eurus-II.webp?fit=355%2C385&ssl=1\",\"width\":355,\"height\":385},{\"@type\":\"BreadcrumbList\",\"@id\":\"https:\\\/\\\/turbofreshlatam.com\\\/product\\\/eurusii\\\/#breadcrumb\",\"itemListElement\":[{\"@type\":\"ListItem\",\"position\":1,\"name\":\"Home\",\"item\":\"https:\\\/\\\/turbofreshlatam.com\\\/\"},{\"@type\":\"ListItem\",\"position\":2,\"name\":\"Shop\",\"item\":\"https:\\\/\\\/turbofreshlatam.com\\\/?page_id=1249\"},{\"@type\":\"ListItem\",\"position\":3,\"name\":\"EURUS II\"}]},{\"@type\":\"WebSite\",\"@id\":\"https:\\\/\\\/usp.rxn.temporary.site\\\/website_374bb836\\\/#website\",\"url\":\"https:\\\/\\\/usp.rxn.temporary.site\\\/website_374bb836\\\/\",\"name\":\"Turbofresh\",\"description\":\"\",\"publisher\":{\"@id\":\"https:\\\/\\\/usp.rxn.temporary.site\\\/website_374bb836\\\/#organization\"},\"potentialAction\":[{\"@type\":\"SearchAction\",\"target\":{\"@type\":\"EntryPoint\",\"urlTemplate\":\"https:\\\/\\\/usp.rxn.temporary.site\\\/website_374bb836\\\/?s={search_term_string}\"},\"query-input\":{\"@type\":\"PropertyValueSpecification\",\"valueRequired\":true,\"valueName\":\"search_term_string\"}}],\"inLanguage\":\"en-US\"},{\"@type\":\"Organization\",\"@id\":\"https:\\\/\\\/usp.rxn.temporary.site\\\/website_374bb836\\\/#organization\",\"name\":\"Turbofresh\",\"url\":\"https:\\\/\\\/usp.rxn.temporary.site\\\/website_374bb836\\\/\",\"logo\":{\"@type\":\"ImageObject\",\"inLanguage\":\"en-US\",\"@id\":\"https:\\\/\\\/usp.rxn.temporary.site\\\/website_374bb836\\\/#\\\/schema\\\/logo\\\/image\\\/\",\"url\":\"https:\\\/\\\/turbofreshlatam.com\\\/wp-content\\\/uploads\\\/2024\\\/08\\\/turbofreshlogo.webp\",\"contentUrl\":\"https:\\\/\\\/turbofreshlatam.com\\\/wp-content\\\/uploads\\\/2024\\\/08\\\/turbofreshlogo.webp\",\"width\":470,\"height\":110,\"caption\":\"Turbofresh\"},\"image\":{\"@id\":\"https:\\\/\\\/usp.rxn.temporary.site\\\/website_374bb836\\\/#\\\/schema\\\/logo\\\/image\\\/\"},\"sameAs\":[\"https:\\\/\\\/www.facebook.com\\\/people\\\/TurboFresh-Latam\\\/pfbid0ajaDMQgnm7ud7M1HECvSm67SoYW1HvhB8BVRgvFzrVgyr7mDC36xgXYRfCRwRE5tl\\\/?ref=xav_ig_profile_web\",\"https:\\\/\\\/www.instagram.com\\\/turbofreshlatam\\\/?hl=es\"]}]}<\/script>\n<!-- \/ Yoast SEO Premium plugin. -->","yoast_head_json":{"title":"EURUS II - Turbofresh","robots":{"index":"index","follow":"follow","max-snippet":"max-snippet:-1","max-image-preview":"max-image-preview:large","max-video-preview":"max-video-preview:-1"},"canonical":"https:\/\/turbofreshlatam.com\/en\/product\/eurusii\/","og_locale":"en_US","og_type":"article","og_title":"EURUS II","og_description":"El ventilador de techo industrial EURUS II utiliza una aerodin\u00e1mica avanzada en las aspas el\u00e9ctricas de cola de milano de Kale para una circulaci\u00f3n de aire eficiente. Con un consumo de energ\u00eda de s\u00f3lo 1,5 KW o menos, ofrece ventilaci\u00f3n y refrigeraci\u00f3n sustanciales.","og_url":"https:\/\/turbofreshlatam.com\/en\/product\/eurusii\/","og_site_name":"Turbofresh","article_publisher":"https:\/\/www.facebook.com\/people\/TurboFresh-Latam\/pfbid0ajaDMQgnm7ud7M1HECvSm67SoYW1HvhB8BVRgvFzrVgyr7mDC36xgXYRfCRwRE5tl\/?ref=xav_ig_profile_web","article_modified_time":"2024-08-07T23:43:24+00:00","og_image":[{"width":355,"height":385,"url":"https:\/\/turbofreshlatam.com\/wp-content\/uploads\/2024\/08\/Eurus-II.webp","type":"image\/webp"}],"twitter_card":"summary_large_image","twitter_misc":{"Est. reading time":"3 minutes"},"schema":{"@context":"https:\/\/schema.org","@graph":[{"@type":"WebPage","@id":"https:\/\/turbofreshlatam.com\/product\/eurusii\/","url":"https:\/\/turbofreshlatam.com\/product\/eurusii\/","name":"EURUS II - Turbofresh","isPartOf":{"@id":"https:\/\/usp.rxn.temporary.site\/website_374bb836\/#website"},"primaryImageOfPage":{"@id":"https:\/\/turbofreshlatam.com\/product\/eurusii\/#primaryimage"},"image":{"@id":"https:\/\/turbofreshlatam.com\/product\/eurusii\/#primaryimage"},"thumbnailUrl":"https:\/\/i0.wp.com\/turbofreshlatam.com\/wp-content\/uploads\/2024\/08\/Eurus-II.webp?fit=355%2C385&ssl=1","datePublished":"2024-08-07T23:40:27+00:00","dateModified":"2024-08-07T23:43:24+00:00","breadcrumb":{"@id":"https:\/\/turbofreshlatam.com\/product\/eurusii\/#breadcrumb"},"inLanguage":"en-US","potentialAction":[{"@type":"ReadAction","target":["https:\/\/turbofreshlatam.com\/product\/eurusii\/"]}]},{"@type":"ImageObject","inLanguage":"en-US","@id":"https:\/\/turbofreshlatam.com\/product\/eurusii\/#primaryimage","url":"https:\/\/i0.wp.com\/turbofreshlatam.com\/wp-content\/uploads\/2024\/08\/Eurus-II.webp?fit=355%2C385&ssl=1","contentUrl":"https:\/\/i0.wp.com\/turbofreshlatam.com\/wp-content\/uploads\/2024\/08\/Eurus-II.webp?fit=355%2C385&ssl=1","width":355,"height":385},{"@type":"BreadcrumbList","@id":"https:\/\/turbofreshlatam.com\/product\/eurusii\/#breadcrumb","itemListElement":[{"@type":"ListItem","position":1,"name":"Home","item":"https:\/\/turbofreshlatam.com\/"},{"@type":"ListItem","position":2,"name":"Shop","item":"https:\/\/turbofreshlatam.com\/?page_id=1249"},{"@type":"ListItem","position":3,"name":"EURUS II"}]},{"@type":"WebSite","@id":"https:\/\/usp.rxn.temporary.site\/website_374bb836\/#website","url":"https:\/\/usp.rxn.temporary.site\/website_374bb836\/","name":"Turbofresh","description":"","publisher":{"@id":"https:\/\/usp.rxn.temporary.site\/website_374bb836\/#organization"},"potentialAction":[{"@type":"SearchAction","target":{"@type":"EntryPoint","urlTemplate":"https:\/\/usp.rxn.temporary.site\/website_374bb836\/?s={search_term_string}"},"query-input":{"@type":"PropertyValueSpecification","valueRequired":true,"valueName":"search_term_string"}}],"inLanguage":"en-US"},{"@type":"Organization","@id":"https:\/\/usp.rxn.temporary.site\/website_374bb836\/#organization","name":"Turbofresh","url":"https:\/\/usp.rxn.temporary.site\/website_374bb836\/","logo":{"@type":"ImageObject","inLanguage":"en-US","@id":"https:\/\/usp.rxn.temporary.site\/website_374bb836\/#\/schema\/logo\/image\/","url":"https:\/\/turbofreshlatam.com\/wp-content\/uploads\/2024\/08\/turbofreshlogo.webp","contentUrl":"https:\/\/turbofreshlatam.com\/wp-content\/uploads\/2024\/08\/turbofreshlogo.webp","width":470,"height":110,"caption":"Turbofresh"},"image":{"@id":"https:\/\/usp.rxn.temporary.site\/website_374bb836\/#\/schema\/logo\/image\/"},"sameAs":["https:\/\/www.facebook.com\/people\/TurboFresh-Latam\/pfbid0ajaDMQgnm7ud7M1HECvSm67SoYW1HvhB8BVRgvFzrVgyr7mDC36xgXYRfCRwRE5tl\/?ref=xav_ig_profile_web","https:\/\/www.instagram.com\/turbofreshlatam\/?hl=es"]}]}},"jetpack_sharing_enabled":true,"_links":{"self":[{"href":"https:\/\/turbofreshlatam.com\/en\/wp-json\/wp\/v2\/product\/9973","targetHints":{"allow":["GET"]}}],"collection":[{"href":"https:\/\/turbofreshlatam.com\/en\/wp-json\/wp\/v2\/product"}],"about":[{"href":"https:\/\/turbofreshlatam.com\/en\/wp-json\/wp\/v2\/types\/product"}],"wp:featuredmedia":[{"embeddable":true,"href":"https:\/\/turbofreshlatam.com\/en\/wp-json\/wp\/v2\/media\/9974"}],"wp:attachment":[{"href":"https:\/\/turbofreshlatam.com\/en\/wp-json\/wp\/v2\/media?parent=9973"}],"wp:term":[{"taxonomy":"product_brand","embeddable":true,"href":"https:\/\/turbofreshlatam.com\/en\/wp-json\/wp\/v2\/product_brand?post=9973"},{"taxonomy":"product_cat","embeddable":true,"href":"https:\/\/turbofreshlatam.com\/en\/wp-json\/wp\/v2\/product_cat?post=9973"},{"taxonomy":"product_tag","embeddable":true,"href":"https:\/\/turbofreshlatam.com\/en\/wp-json\/wp\/v2\/product_tag?post=9973"}],"curies":[{"name":"wp","href":"https:\/\/api.w.org\/{rel}","templated":true}]}}