{"id":9999,"date":"2024-08-07T23:58:23","date_gmt":"2024-08-07T23:58:23","guid":{"rendered":"https:\/\/turbofreshlatam.com\/?post_type=product&#038;p=9999"},"modified":"2024-08-08T00:08:24","modified_gmt":"2024-08-08T00:08:24","slug":"airmove","status":"publish","type":"product","link":"https:\/\/turbofreshlatam.com\/en\/product\/airmove\/","title":{"rendered":"AIRMOVE"},"content":{"rendered":"<p><span style=\"font-weight: 400;\">Designed with four casters for easy mobility, it operates on a low power consumption of 0.4KW and emits only 43dB of noise. With IP55 waterproofing, it is suitable for rainy days, easy to clean and easy to use with VFD stepless speed control. The fan features high-strength materials, glossy fluorocarbon paint, efficient heat transmission and a 15-year service life. The PMSM motor ensures safety and durability, and SKF bearings improve performance and reduce noise.<\/span><\/p>\n<p><b style=\"color: #faab23;\">Motor PMSM<\/b><\/p>\n<p><span style=\"font-weight: 400;\">Kale Aircool PMSM motor adopts genetic optimization algorithm to push the material performance to the limit, using simulation technology to design the best solution to meet the demand of temperature rise; Optimize the transmission efficiency and structural design, reduce the stress level, and the connection structure joint is designed with multiple safety protection measures to ensure the safety of PMSM motor for a long time. PMSM motor adopts vacuum dipping process to ensure the insulation of immersion paint. The error is only \u00b110\u03bcm to ensure the overall performance, dynamic balance and durability of rotor disc, etc.<\/span><\/p>\n<p><b style=\"color: #faab23;\">Control system<\/b><\/p>\n<p><span style=\"font-weight: 400;\">Adopt high-performance vector technology and high-frequency carrier to make the fan start smoothly and run without noise. Long-life device escort: digital potentiometer, knob switch, electrolytic capacitor and other simple operations, easy to use - save cost, effort and time!<\/span><\/p>\n<p><b style=\"color: #faab23;\">Fan blade<\/b><\/p>\n<p><span style=\"font-weight: 400;\">The product blade adopts wavy streamline shape design, European and American designers participate in international shape design, the fan can use a variety of color collocation to meet the needs of different customer environments.<\/span><\/p>\n<p><b style=\"color: #faab23;\">SKF bearing<\/b><\/p>\n<p><span style=\"font-weight: 400;\">Higher rated load, lower noise, greatly increase the machine's operating time.<\/span><\/p>","protected":false},"excerpt":{"rendered":"<p><span style=\"font-weight: 400;\">The AIRMOVE HVLS portable fan is an energy-saving 2-meter diameter portable fan featuring a PMSM motor that provides an impressive airflow distance of over 18m.<\/span><\/p>\n<p><img loading=\"lazy\" decoding=\"async\" class=\"alignnone wp-image-9902 size-full\" src=\"https:\/\/turbofreshlatam.com\/wp-content\/uploads\/2024\/08\/Iconos-Kale-scaled.webp\" alt=\"\" width=\"2560\" height=\"317\" srcset=\"https:\/\/i0.wp.com\/turbofreshlatam.com\/wp-content\/uploads\/2024\/08\/Iconos-Kale-scaled.webp?w=2560&amp;ssl=1 2560w, https:\/\/i0.wp.com\/turbofreshlatam.com\/wp-content\/uploads\/2024\/08\/Iconos-Kale-scaled.webp?resize=400%2C50&amp;ssl=1 400w, https:\/\/i0.wp.com\/turbofreshlatam.com\/wp-content\/uploads\/2024\/08\/Iconos-Kale-scaled.webp?resize=1300%2C161&amp;ssl=1 1300w, https:\/\/i0.wp.com\/turbofreshlatam.com\/wp-content\/uploads\/2024\/08\/Iconos-Kale-scaled.webp?resize=768%2C95&amp;ssl=1 768w, https:\/\/i0.wp.com\/turbofreshlatam.com\/wp-content\/uploads\/2024\/08\/Iconos-Kale-scaled.webp?resize=1536%2C190&amp;ssl=1 1536w, https:\/\/i0.wp.com\/turbofreshlatam.com\/wp-content\/uploads\/2024\/08\/Iconos-Kale-scaled.webp?resize=2048%2C254&amp;ssl=1 2048w, https:\/\/i0.wp.com\/turbofreshlatam.com\/wp-content\/uploads\/2024\/08\/Iconos-Kale-scaled.webp?resize=430%2C53&amp;ssl=1 430w, https:\/\/i0.wp.com\/turbofreshlatam.com\/wp-content\/uploads\/2024\/08\/Iconos-Kale-scaled.webp?resize=700%2C87&amp;ssl=1 700w, https:\/\/i0.wp.com\/turbofreshlatam.com\/wp-content\/uploads\/2024\/08\/Iconos-Kale-scaled.webp?resize=150%2C19&amp;ssl=1 150w\" sizes=\"auto, (max-width: 2560px) 100vw, 2560px\" \/><\/p>","protected":false},"featured_media":10000,"template":"","meta":{"nf_dc_page":""},"product_brand":[],"product_cat":[22],"product_tag":[85,84,82,83,86],"class_list":{"0":"post-9999","1":"product","2":"type-product","3":"status-publish","4":"has-post-thumbnail","6":"product_cat-kale-fans","7":"product_tag-aerodinamica","8":"product_tag-fans","9":"product_tag-kale","10":"product_tag-kale-fans","11":"product_tag-pwm","13":"first","14":"instock","15":"shipping-taxable","16":"product-type-external"},"yoast_head":"<!-- This site is optimized with the Yoast SEO Premium plugin v23.7 (Yoast SEO v27.4) - https:\/\/yoast.com\/product\/yoast-seo-premium-wordpress\/ -->\n<title>AIRMOVE - Turbofresh<\/title>\n<meta name=\"robots\" content=\"index, follow, max-snippet:-1, max-image-preview:large, max-video-preview:-1\" \/>\n<link rel=\"canonical\" href=\"https:\/\/turbofreshlatam.com\/en\/product\/airmove\/\" \/>\n<meta property=\"og:locale\" content=\"en_US\" \/>\n<meta property=\"og:type\" content=\"article\" \/>\n<meta property=\"og:title\" content=\"AIRMOVE\" \/>\n<meta property=\"og:description\" content=\"El ventilador port\u00e1til AIRMOVE HVLS es un ventilador port\u00e1til de 2 metros de di\u00e1metro que ahorra energ\u00eda y cuenta con un motor PMSM que proporciona una impresionante distancia de flujo de aire de m\u00e1s de 18 m.\" \/>\n<meta property=\"og:url\" content=\"https:\/\/turbofreshlatam.com\/en\/product\/airmove\/\" \/>\n<meta property=\"og:site_name\" content=\"Turbofresh\" \/>\n<meta property=\"article:publisher\" content=\"https:\/\/www.facebook.com\/people\/TurboFresh-Latam\/pfbid0ajaDMQgnm7ud7M1HECvSm67SoYW1HvhB8BVRgvFzrVgyr7mDC36xgXYRfCRwRE5tl\/?ref=xav_ig_profile_web\" \/>\n<meta property=\"article:modified_time\" content=\"2024-08-08T00:08:24+00:00\" \/>\n<meta property=\"og:image\" content=\"https:\/\/turbofreshlatam.com\/wp-content\/uploads\/2024\/08\/1.-Foto-Principal-1-1.webp\" \/>\n\t<meta property=\"og:image:width\" content=\"710\" \/>\n\t<meta property=\"og:image:height\" content=\"770\" \/>\n\t<meta property=\"og:image:type\" content=\"image\/webp\" \/>\n<meta name=\"twitter:card\" content=\"summary_large_image\" \/>\n<meta name=\"twitter:label1\" content=\"Est. reading time\" \/>\n\t<meta name=\"twitter:data1\" content=\"2 minutes\" \/>\n<script type=\"application\/ld+json\" class=\"yoast-schema-graph\">{\"@context\":\"https:\\\/\\\/schema.org\",\"@graph\":[{\"@type\":\"WebPage\",\"@id\":\"https:\\\/\\\/turbofreshlatam.com\\\/product\\\/airmove\\\/\",\"url\":\"https:\\\/\\\/turbofreshlatam.com\\\/product\\\/airmove\\\/\",\"name\":\"AIRMOVE - Turbofresh\",\"isPartOf\":{\"@id\":\"https:\\\/\\\/usp.rxn.temporary.site\\\/website_374bb836\\\/#website\"},\"primaryImageOfPage\":{\"@id\":\"https:\\\/\\\/turbofreshlatam.com\\\/product\\\/airmove\\\/#primaryimage\"},\"image\":{\"@id\":\"https:\\\/\\\/turbofreshlatam.com\\\/product\\\/airmove\\\/#primaryimage\"},\"thumbnailUrl\":\"https:\\\/\\\/i0.wp.com\\\/turbofreshlatam.com\\\/wp-content\\\/uploads\\\/2024\\\/08\\\/1.-Foto-Principal-1-1.webp?fit=710%2C770&ssl=1\",\"datePublished\":\"2024-08-07T23:58:23+00:00\",\"dateModified\":\"2024-08-08T00:08:24+00:00\",\"breadcrumb\":{\"@id\":\"https:\\\/\\\/turbofreshlatam.com\\\/product\\\/airmove\\\/#breadcrumb\"},\"inLanguage\":\"en-US\",\"potentialAction\":[{\"@type\":\"ReadAction\",\"target\":[\"https:\\\/\\\/turbofreshlatam.com\\\/product\\\/airmove\\\/\"]}]},{\"@type\":\"ImageObject\",\"inLanguage\":\"en-US\",\"@id\":\"https:\\\/\\\/turbofreshlatam.com\\\/product\\\/airmove\\\/#primaryimage\",\"url\":\"https:\\\/\\\/i0.wp.com\\\/turbofreshlatam.com\\\/wp-content\\\/uploads\\\/2024\\\/08\\\/1.-Foto-Principal-1-1.webp?fit=710%2C770&ssl=1\",\"contentUrl\":\"https:\\\/\\\/i0.wp.com\\\/turbofreshlatam.com\\\/wp-content\\\/uploads\\\/2024\\\/08\\\/1.-Foto-Principal-1-1.webp?fit=710%2C770&ssl=1\",\"width\":710,\"height\":770,\"caption\":\"AIRMOVE\"},{\"@type\":\"BreadcrumbList\",\"@id\":\"https:\\\/\\\/turbofreshlatam.com\\\/product\\\/airmove\\\/#breadcrumb\",\"itemListElement\":[{\"@type\":\"ListItem\",\"position\":1,\"name\":\"Home\",\"item\":\"https:\\\/\\\/turbofreshlatam.com\\\/\"},{\"@type\":\"ListItem\",\"position\":2,\"name\":\"Shop\",\"item\":\"https:\\\/\\\/turbofreshlatam.com\\\/?page_id=1249\"},{\"@type\":\"ListItem\",\"position\":3,\"name\":\"AIRMOVE\"}]},{\"@type\":\"WebSite\",\"@id\":\"https:\\\/\\\/usp.rxn.temporary.site\\\/website_374bb836\\\/#website\",\"url\":\"https:\\\/\\\/usp.rxn.temporary.site\\\/website_374bb836\\\/\",\"name\":\"Turbofresh\",\"description\":\"\",\"publisher\":{\"@id\":\"https:\\\/\\\/usp.rxn.temporary.site\\\/website_374bb836\\\/#organization\"},\"potentialAction\":[{\"@type\":\"SearchAction\",\"target\":{\"@type\":\"EntryPoint\",\"urlTemplate\":\"https:\\\/\\\/usp.rxn.temporary.site\\\/website_374bb836\\\/?s={search_term_string}\"},\"query-input\":{\"@type\":\"PropertyValueSpecification\",\"valueRequired\":true,\"valueName\":\"search_term_string\"}}],\"inLanguage\":\"en-US\"},{\"@type\":\"Organization\",\"@id\":\"https:\\\/\\\/usp.rxn.temporary.site\\\/website_374bb836\\\/#organization\",\"name\":\"Turbofresh\",\"url\":\"https:\\\/\\\/usp.rxn.temporary.site\\\/website_374bb836\\\/\",\"logo\":{\"@type\":\"ImageObject\",\"inLanguage\":\"en-US\",\"@id\":\"https:\\\/\\\/usp.rxn.temporary.site\\\/website_374bb836\\\/#\\\/schema\\\/logo\\\/image\\\/\",\"url\":\"https:\\\/\\\/turbofreshlatam.com\\\/wp-content\\\/uploads\\\/2024\\\/08\\\/turbofreshlogo.webp\",\"contentUrl\":\"https:\\\/\\\/turbofreshlatam.com\\\/wp-content\\\/uploads\\\/2024\\\/08\\\/turbofreshlogo.webp\",\"width\":470,\"height\":110,\"caption\":\"Turbofresh\"},\"image\":{\"@id\":\"https:\\\/\\\/usp.rxn.temporary.site\\\/website_374bb836\\\/#\\\/schema\\\/logo\\\/image\\\/\"},\"sameAs\":[\"https:\\\/\\\/www.facebook.com\\\/people\\\/TurboFresh-Latam\\\/pfbid0ajaDMQgnm7ud7M1HECvSm67SoYW1HvhB8BVRgvFzrVgyr7mDC36xgXYRfCRwRE5tl\\\/?ref=xav_ig_profile_web\",\"https:\\\/\\\/www.instagram.com\\\/turbofreshlatam\\\/?hl=es\"]}]}<\/script>\n<!-- \/ Yoast SEO Premium plugin. -->","yoast_head_json":{"title":"AIRMOVE - Turbofresh","robots":{"index":"index","follow":"follow","max-snippet":"max-snippet:-1","max-image-preview":"max-image-preview:large","max-video-preview":"max-video-preview:-1"},"canonical":"https:\/\/turbofreshlatam.com\/en\/product\/airmove\/","og_locale":"en_US","og_type":"article","og_title":"AIRMOVE","og_description":"El ventilador port\u00e1til AIRMOVE HVLS es un ventilador port\u00e1til de 2 metros de di\u00e1metro que ahorra energ\u00eda y cuenta con un motor PMSM que proporciona una impresionante distancia de flujo de aire de m\u00e1s de 18 m.","og_url":"https:\/\/turbofreshlatam.com\/en\/product\/airmove\/","og_site_name":"Turbofresh","article_publisher":"https:\/\/www.facebook.com\/people\/TurboFresh-Latam\/pfbid0ajaDMQgnm7ud7M1HECvSm67SoYW1HvhB8BVRgvFzrVgyr7mDC36xgXYRfCRwRE5tl\/?ref=xav_ig_profile_web","article_modified_time":"2024-08-08T00:08:24+00:00","og_image":[{"width":710,"height":770,"url":"https:\/\/turbofreshlatam.com\/wp-content\/uploads\/2024\/08\/1.-Foto-Principal-1-1.webp","type":"image\/webp"}],"twitter_card":"summary_large_image","twitter_misc":{"Est. reading time":"2 minutes"},"schema":{"@context":"https:\/\/schema.org","@graph":[{"@type":"WebPage","@id":"https:\/\/turbofreshlatam.com\/product\/airmove\/","url":"https:\/\/turbofreshlatam.com\/product\/airmove\/","name":"AIRMOVE - Turbofresh","isPartOf":{"@id":"https:\/\/usp.rxn.temporary.site\/website_374bb836\/#website"},"primaryImageOfPage":{"@id":"https:\/\/turbofreshlatam.com\/product\/airmove\/#primaryimage"},"image":{"@id":"https:\/\/turbofreshlatam.com\/product\/airmove\/#primaryimage"},"thumbnailUrl":"https:\/\/i0.wp.com\/turbofreshlatam.com\/wp-content\/uploads\/2024\/08\/1.-Foto-Principal-1-1.webp?fit=710%2C770&ssl=1","datePublished":"2024-08-07T23:58:23+00:00","dateModified":"2024-08-08T00:08:24+00:00","breadcrumb":{"@id":"https:\/\/turbofreshlatam.com\/product\/airmove\/#breadcrumb"},"inLanguage":"en-US","potentialAction":[{"@type":"ReadAction","target":["https:\/\/turbofreshlatam.com\/product\/airmove\/"]}]},{"@type":"ImageObject","inLanguage":"en-US","@id":"https:\/\/turbofreshlatam.com\/product\/airmove\/#primaryimage","url":"https:\/\/i0.wp.com\/turbofreshlatam.com\/wp-content\/uploads\/2024\/08\/1.-Foto-Principal-1-1.webp?fit=710%2C770&ssl=1","contentUrl":"https:\/\/i0.wp.com\/turbofreshlatam.com\/wp-content\/uploads\/2024\/08\/1.-Foto-Principal-1-1.webp?fit=710%2C770&ssl=1","width":710,"height":770,"caption":"AIRMOVE"},{"@type":"BreadcrumbList","@id":"https:\/\/turbofreshlatam.com\/product\/airmove\/#breadcrumb","itemListElement":[{"@type":"ListItem","position":1,"name":"Home","item":"https:\/\/turbofreshlatam.com\/"},{"@type":"ListItem","position":2,"name":"Shop","item":"https:\/\/turbofreshlatam.com\/?page_id=1249"},{"@type":"ListItem","position":3,"name":"AIRMOVE"}]},{"@type":"WebSite","@id":"https:\/\/usp.rxn.temporary.site\/website_374bb836\/#website","url":"https:\/\/usp.rxn.temporary.site\/website_374bb836\/","name":"Turbofresh","description":"","publisher":{"@id":"https:\/\/usp.rxn.temporary.site\/website_374bb836\/#organization"},"potentialAction":[{"@type":"SearchAction","target":{"@type":"EntryPoint","urlTemplate":"https:\/\/usp.rxn.temporary.site\/website_374bb836\/?s={search_term_string}"},"query-input":{"@type":"PropertyValueSpecification","valueRequired":true,"valueName":"search_term_string"}}],"inLanguage":"en-US"},{"@type":"Organization","@id":"https:\/\/usp.rxn.temporary.site\/website_374bb836\/#organization","name":"Turbofresh","url":"https:\/\/usp.rxn.temporary.site\/website_374bb836\/","logo":{"@type":"ImageObject","inLanguage":"en-US","@id":"https:\/\/usp.rxn.temporary.site\/website_374bb836\/#\/schema\/logo\/image\/","url":"https:\/\/turbofreshlatam.com\/wp-content\/uploads\/2024\/08\/turbofreshlogo.webp","contentUrl":"https:\/\/turbofreshlatam.com\/wp-content\/uploads\/2024\/08\/turbofreshlogo.webp","width":470,"height":110,"caption":"Turbofresh"},"image":{"@id":"https:\/\/usp.rxn.temporary.site\/website_374bb836\/#\/schema\/logo\/image\/"},"sameAs":["https:\/\/www.facebook.com\/people\/TurboFresh-Latam\/pfbid0ajaDMQgnm7ud7M1HECvSm67SoYW1HvhB8BVRgvFzrVgyr7mDC36xgXYRfCRwRE5tl\/?ref=xav_ig_profile_web","https:\/\/www.instagram.com\/turbofreshlatam\/?hl=es"]}]}},"jetpack_sharing_enabled":true,"_links":{"self":[{"href":"https:\/\/turbofreshlatam.com\/en\/wp-json\/wp\/v2\/product\/9999","targetHints":{"allow":["GET"]}}],"collection":[{"href":"https:\/\/turbofreshlatam.com\/en\/wp-json\/wp\/v2\/product"}],"about":[{"href":"https:\/\/turbofreshlatam.com\/en\/wp-json\/wp\/v2\/types\/product"}],"wp:featuredmedia":[{"embeddable":true,"href":"https:\/\/turbofreshlatam.com\/en\/wp-json\/wp\/v2\/media\/10000"}],"wp:attachment":[{"href":"https:\/\/turbofreshlatam.com\/en\/wp-json\/wp\/v2\/media?parent=9999"}],"wp:term":[{"taxonomy":"product_brand","embeddable":true,"href":"https:\/\/turbofreshlatam.com\/en\/wp-json\/wp\/v2\/product_brand?post=9999"},{"taxonomy":"product_cat","embeddable":true,"href":"https:\/\/turbofreshlatam.com\/en\/wp-json\/wp\/v2\/product_cat?post=9999"},{"taxonomy":"product_tag","embeddable":true,"href":"https:\/\/turbofreshlatam.com\/en\/wp-json\/wp\/v2\/product_tag?post=9999"}],"curies":[{"name":"wp","href":"https:\/\/api.w.org\/{rel}","templated":true}]}}